{"id":2526,"date":"2021-06-18T16:53:21","date_gmt":"2021-06-18T16:53:21","guid":{"rendered":"https:\/\/www.villaserena.eu\/?page_id=2526"},"modified":"2021-06-18T17:04:45","modified_gmt":"2021-06-18T17:04:45","slug":"extra-dienstleistungen","status":"publish","type":"page","link":"https:\/\/www.villaserena.eu\/de\/extra-dienstleistungen\/","title":{"rendered":"Extra Dienstleistungen"},"content":{"rendered":"<p>[vc_row full_width=&#8220;stretch_row&#8220; equal_height=&#8220;yes&#8220; content_placement=&#8220;top&#8220; overlay_color=&#8220;rgba(0,0,0,0.01)&#8220; css=&#8220;.vc_custom_1496041705059{padding-top: 120px !important;}&#8220;][vc_column]<div class=\"text-left reda-page-header id_169ebb5de919ea364965728 animate-text  \"><div class=\"reda-header  header-underline underline-100 header-color\" style=\"color: ;\"><\/div><\/div><\/p>\n<h1><span style=\"font-size: 80px;\">Extra Dienstleistungen<\/span><\/h1>\n<p><style scoped> .reda-page-header.id_169ebb5de919ea364965728 .header-underline:after { background-color: ; }<\/style><div class=\"text-left reda-page-header id_169ebb5de91a2167219013 animate-text   vc_custom_1582210576442\"><div class=\"reda-header  header-color\" style=\"color: #ac8b51;\"><\/div><\/div><\/p>\n<h2>Um sich wie zu Hause zu f\u00fchlen<\/h2>\n<p><style scoped> .reda-page-header.id_169ebb5de91a2167219013 .header-underline:after { background-color: #ac8b51; }<\/style>[vc_column_text][\/vc_column_text][vc_row_inner][vc_column_inner][vc_empty_space height=&#8220;60px&#8220; height2=&#8220;30&#8243;][\/vc_column_inner][\/vc_row_inner][\/vc_column][\/vc_row][vc_row][vc_column]<div class=\" call-to-action cta-sm\"><div class=\"page-bg-color id_169ebb5de91a521032063959 element-cta cta-left-img\" style=\"background: #ffffff\">\n\t\t\t\t\t<div class=\"image-content img-bg-wrapper\">\n\t\t\t\t\t\t<div class=\"img-bg-inner\">\n\t\t\t\t\t\t\t<div class=\"mosaic-img\" style=\"background-image: url(https:\/\/www.villaserena.eu\/wp-content\/uploads\/2019\/03\/hotel-transfer.jpg); background-size: cover; background-position: center center; \"><\/div>\n\t\t\t\t\t\t<\/div>\n\t\t\t\t\t<\/div>\n\t\t\t\t\t<div class=\"cta-content animate-text loaded-text\" style=\"padding: 60px 60px\">\n\t\t\t\t\t\t<div class=\"content\"><\/div><\/div><\/div><\/div><\/p>\n<p class=\"reda-header-top\" style=\"margin-bottom: 5px;\">Ankunft<\/p>\n<h3>PRIVATER TRANSFERDIENST<\/h3>\n<p>Wir bieten unseren G\u00e4sten einen komfortablen und effizienten Transferservice vom und zum Flughafen Venedig oder Treviso oder dem Bahnhof Montebelluna. Wenn Sie die Dienstleistung gegen eine Geb\u00fchr anfordern m\u00f6chten, geben Sie dies einfach bei der Buchung oder mindestens eine Woche vor der Ankunft an.<\/p>\n\n\t\t\t\t\t\t\n\t\t\t\t\t\n\t\t\t\t\n\n\t\t<style scoped>\n\t\t\t.id_169ebb5de91a521032063959.element-cta h1, .id_169ebb5de91a521032063959.element-cta h2, .id_169ebb5de91a521032063959.element-cta h3, .id_169ebb5de91a521032063959.element-cta h4, .id_169ebb5de91a521032063959.element-cta h5, .id_169ebb5de91a521032063959.element-cta h6 { color: ; }\n\t\t\t.id_169ebb5de91a521032063959.element-cta p, .id_169ebb5de91a521032063959.element-cta li { color: ; }\n\t\t\t.id_169ebb5de91a521032063959.element-cta.page-bg-color { background-color: #ffffff; }\n\t\t\t.id_169ebb5de91a521032063959.element-cta .reda-header-top { color: ; }\n\t\t\t.id_169ebb5de91a521032063959.element-cta .btn-solid.btn-accent, .id_169ebb5de91a521032063959 .btn-border.btn-accent:hover { background: ; }\n\t\t\t.id_169ebb5de91a521032063959.element-cta .btn-accent { border-color: ; }\n\t\t\t.id_169ebb5de91a521032063959.element-cta .btn-border.btn-accent .btn-text { color: ; }\n\t\t\t.id_169ebb5de91a521032063959.element-cta .btn-border.btn-accent:hover .btn-text { color: #ffffff; } \n\t\t\t<\/style><div class=\" call-to-action cta-sm\"><div class=\"page-bg-color id_169ebb5de91cf5524406358 element-cta cta-right-img\" style=\"background: #ffffff\">\n\t\t\t\t\t<div class=\"image-content img-bg-wrapper\">\n\t\t\t\t\t\t<div class=\"img-bg-inner\">\n\t\t\t\t\t\t\t<div class=\"mosaic-img\" style=\"background-image: url(https:\/\/www.villaserena.eu\/wp-content\/uploads\/2021\/06\/285898602-min.jpg); background-size: cover; background-position: center center; \"><\/div>\n\t\t\t\t\t\t<\/div>\n\t\t\t\t\t<\/div>\n\t\t\t\t\t<div class=\"cta-content animate-text loaded-text\" style=\"padding: 60px 60px\">\n\t\t\t\t\t\t<div class=\"content\">\n<p class=\"reda-header-top\" style=\"margin-bottom: 5px;\">Entspannung<\/p>\n<h3>LOUNGE-BEREICH<\/h3>\n<p>Die Villa bietet einen idealen Raum, um sich bei einem guten Buch zu entspannen oder einen Kr\u00e4utertee oder einen Glas Wein zu genie\u00dfen.<\/p>\n<p style=\"color: white;\">.<\/p>\n<\/div>\n\t\t\t\t\t\t\n\t\t\t\t\t<\/div>\n\t\t\t\t<\/div><\/div>\n\n\t\t<style scoped>\n\t\t\t.id_169ebb5de91cf5524406358.element-cta h1, .id_169ebb5de91cf5524406358.element-cta h2, .id_169ebb5de91cf5524406358.element-cta h3, .id_169ebb5de91cf5524406358.element-cta h4, .id_169ebb5de91cf5524406358.element-cta h5, .id_169ebb5de91cf5524406358.element-cta h6 { color: ; }\n\t\t\t.id_169ebb5de91cf5524406358.element-cta p, .id_169ebb5de91cf5524406358.element-cta li { color: ; }\n\t\t\t.id_169ebb5de91cf5524406358.element-cta.page-bg-color { background-color: #ffffff; }\n\t\t\t.id_169ebb5de91cf5524406358.element-cta .reda-header-top { color: ; }\n\t\t\t.id_169ebb5de91cf5524406358.element-cta .btn-solid.btn-accent, .id_169ebb5de91cf5524406358 .btn-border.btn-accent:hover { background: ; }\n\t\t\t.id_169ebb5de91cf5524406358.element-cta .btn-accent { border-color: ; }\n\t\t\t.id_169ebb5de91cf5524406358.element-cta .btn-border.btn-accent .btn-text { color: ; }\n\t\t\t.id_169ebb5de91cf5524406358.element-cta .btn-border.btn-accent:hover .btn-text { color: #ffffff; } \n\t\t\t<\/style><div class=\" call-to-action cta-sm\"><div class=\"page-bg-color id_169ebb5de91f5f1309352716 element-cta cta-left-img\" style=\"background: #ffffff\">\n\t\t\t\t\t<div class=\"image-content img-bg-wrapper\">\n\t\t\t\t\t\t<div class=\"img-bg-inner\">\n\t\t\t\t\t\t\t<div class=\"mosaic-img\" style=\"background-image: url(https:\/\/www.villaserena.eu\/wp-content\/uploads\/2019\/03\/colazione-in-camera.jpg); background-size: cover; background-position: center center; \"><\/div>\n\t\t\t\t\t\t<\/div>\n\t\t\t\t\t<\/div>\n\t\t\t\t\t<div class=\"cta-content animate-text loaded-text\" style=\"padding: 60px 60px\">\n\t\t\t\t\t\t<div class=\"content\">\n<p class=\"reda-header-top\" style=\"margin-bottom: 5px;\">Andere Dienstleistungen<\/p>\n<h3>W\u00c4SCHEREI UND WECKDIENST<\/h3>\n<p>Unsere G\u00e4ste k\u00f6nnen gegen eine Geb\u00fchr einen W\u00e4sche-, B\u00fcgel- und Reinigungsdienst in Anspruch nehmen. Ein Weckdienst ist ebenfalls gegen eine Geb\u00fchr verf\u00fcgbar.<\/p>\n<\/div>\n\t\t\t\t\t\t\n\t\t\t\t\t<\/div>\n\t\t\t\t<\/div><\/div>\n\n\t\t<style scoped>\n\t\t\t.id_169ebb5de91f5f1309352716.element-cta h1, .id_169ebb5de91f5f1309352716.element-cta h2, .id_169ebb5de91f5f1309352716.element-cta h3, .id_169ebb5de91f5f1309352716.element-cta h4, .id_169ebb5de91f5f1309352716.element-cta h5, .id_169ebb5de91f5f1309352716.element-cta h6 { color: ; }\n\t\t\t.id_169ebb5de91f5f1309352716.element-cta p, .id_169ebb5de91f5f1309352716.element-cta li { color: ; }\n\t\t\t.id_169ebb5de91f5f1309352716.element-cta.page-bg-color { background-color: #ffffff; }\n\t\t\t.id_169ebb5de91f5f1309352716.element-cta .reda-header-top { color: ; }\n\t\t\t.id_169ebb5de91f5f1309352716.element-cta .btn-solid.btn-accent, .id_169ebb5de91f5f1309352716 .btn-border.btn-accent:hover { background: ; }\n\t\t\t.id_169ebb5de91f5f1309352716.element-cta .btn-accent { border-color: ; }\n\t\t\t.id_169ebb5de91f5f1309352716.element-cta .btn-border.btn-accent .btn-text { color: ; }\n\t\t\t.id_169ebb5de91f5f1309352716.element-cta .btn-border.btn-accent:hover .btn-text { color: #ffffff; } \n\t\t\t<\/style>[vc_empty_space height=&#8220;120px&#8220; height2=&#8220;30&#8243;][\/vc_column][\/vc_row]\n","protected":false},"excerpt":{"rendered":"<p>[vc_row full_width=&#8220;stretch_row&#8220; equal_height=&#8220;yes&#8220; content_placement=&#8220;top&#8220; overlay_color=&#8220;rgba(0,0,0,0.01)&#8220; css=&#8220;.vc_custom_1496041705059{padding-top: 120px !important;}&#8220;][vc_column][vc_column_text][\/vc_column_text][vc_row_inner][vc_column_inner][vc_empty_space height=&#8220;60px&#8220; height2=&#8220;30&#8243;][\/vc_column_inner][\/vc_row_inner][\/vc_column][\/vc_row][vc_row][vc_column][vc_empty_space height=&#8220;120px&#8220; height2=&#8220;30&#8243;][\/vc_column][\/vc_row]<\/p>\n","protected":false},"author":4,"featured_media":0,"parent":0,"menu_order":0,"comment_status":"closed","ping_status":"closed","template":"","meta":{"_monsterinsights_skip_tracking":false,"_monsterinsights_sitenote_active":false,"_monsterinsights_sitenote_note":"","_monsterinsights_sitenote_category":0,"footnotes":""},"class_list":["post-2526","page","type-page","status-publish","hentry"],"yoast_head":"<!-- This site is optimized with the Yoast SEO plugin v27.4 - https:\/\/yoast.com\/product\/yoast-seo-wordpress\/ -->\n<title>Extra Dienstleistungen - Villa Serena<\/title>\n<meta name=\"robots\" content=\"index, follow, max-snippet:-1, max-image-preview:large, max-video-preview:-1\" \/>\n<link rel=\"canonical\" href=\"https:\/\/www.villaserena.eu\/de\/extra-dienstleistungen\/\" \/>\n<meta property=\"og:locale\" content=\"de_DE\" \/>\n<meta property=\"og:type\" content=\"article\" \/>\n<meta property=\"og:title\" content=\"Extra Dienstleistungen - Villa Serena\" \/>\n<meta property=\"og:description\" content=\"[vc_row full_width=&#8220;stretch_row&#8220; equal_height=&#8220;yes&#8220; content_placement=&#8220;top&#8220; overlay_color=&#8220;rgba(0,0,0,0.01)&#8220; css=&#8220;.vc_custom_1496041705059{padding-top: 120px !important;}&#8220;][vc_column][vc_column_text][\/vc_column_text][vc_row_inner][vc_column_inner][vc_empty_space height=&#8220;60px&#8220; height2=&#8220;30&#8243;][\/vc_column_inner][\/vc_row_inner][\/vc_column][\/vc_row][vc_row][vc_column][vc_empty_space height=&#8220;120px&#8220; height2=&#8220;30&#8243;][\/vc_column][\/vc_row]\" \/>\n<meta property=\"og:url\" content=\"https:\/\/www.villaserena.eu\/de\/extra-dienstleistungen\/\" \/>\n<meta property=\"og:site_name\" content=\"Villa Serena\" \/>\n<meta property=\"article:modified_time\" content=\"2021-06-18T17:04:45+00:00\" \/>\n<meta name=\"twitter:card\" content=\"summary_large_image\" \/>\n<meta name=\"twitter:label1\" content=\"Gesch\u00e4tzte Lesezeit\" \/>\n\t<meta name=\"twitter:data1\" content=\"1\u00a0Minute\" \/>\n<script type=\"application\/ld+json\" class=\"yoast-schema-graph\">{\"@context\":\"https:\\\/\\\/schema.org\",\"@graph\":[{\"@type\":\"WebPage\",\"@id\":\"https:\\\/\\\/www.villaserena.eu\\\/de\\\/extra-dienstleistungen\\\/\",\"url\":\"https:\\\/\\\/www.villaserena.eu\\\/de\\\/extra-dienstleistungen\\\/\",\"name\":\"Extra Dienstleistungen - Villa Serena\",\"isPartOf\":{\"@id\":\"https:\\\/\\\/www.villaserena.eu\\\/#website\"},\"datePublished\":\"2021-06-18T16:53:21+00:00\",\"dateModified\":\"2021-06-18T17:04:45+00:00\",\"breadcrumb\":{\"@id\":\"https:\\\/\\\/www.villaserena.eu\\\/de\\\/extra-dienstleistungen\\\/#breadcrumb\"},\"inLanguage\":\"de\",\"potentialAction\":[{\"@type\":\"ReadAction\",\"target\":[\"https:\\\/\\\/www.villaserena.eu\\\/de\\\/extra-dienstleistungen\\\/\"]}]},{\"@type\":\"BreadcrumbList\",\"@id\":\"https:\\\/\\\/www.villaserena.eu\\\/de\\\/extra-dienstleistungen\\\/#breadcrumb\",\"itemListElement\":[{\"@type\":\"ListItem\",\"position\":1,\"name\":\"Home\",\"item\":\"https:\\\/\\\/www.villaserena.eu\\\/de\\\/\"},{\"@type\":\"ListItem\",\"position\":2,\"name\":\"Extra Dienstleistungen\"}]},{\"@type\":\"WebSite\",\"@id\":\"https:\\\/\\\/www.villaserena.eu\\\/#website\",\"url\":\"https:\\\/\\\/www.villaserena.eu\\\/\",\"name\":\"Villa Serena\",\"description\":\"Localita con Piscina\",\"publisher\":{\"@id\":\"https:\\\/\\\/www.villaserena.eu\\\/#organization\"},\"potentialAction\":[{\"@type\":\"SearchAction\",\"target\":{\"@type\":\"EntryPoint\",\"urlTemplate\":\"https:\\\/\\\/www.villaserena.eu\\\/?s={search_term_string}\"},\"query-input\":{\"@type\":\"PropertyValueSpecification\",\"valueRequired\":true,\"valueName\":\"search_term_string\"}}],\"inLanguage\":\"de\"},{\"@type\":\"Organization\",\"@id\":\"https:\\\/\\\/www.villaserena.eu\\\/#organization\",\"name\":\"Villa Serena\",\"url\":\"https:\\\/\\\/www.villaserena.eu\\\/\",\"logo\":{\"@type\":\"ImageObject\",\"inLanguage\":\"de\",\"@id\":\"https:\\\/\\\/www.villaserena.eu\\\/#\\\/schema\\\/logo\\\/image\\\/\",\"url\":\"\",\"contentUrl\":\"\",\"caption\":\"Villa Serena\"},\"image\":{\"@id\":\"https:\\\/\\\/www.villaserena.eu\\\/#\\\/schema\\\/logo\\\/image\\\/\"}}]}<\/script>\n<!-- \/ Yoast SEO plugin. -->","yoast_head_json":{"title":"Extra Dienstleistungen - Villa Serena","robots":{"index":"index","follow":"follow","max-snippet":"max-snippet:-1","max-image-preview":"max-image-preview:large","max-video-preview":"max-video-preview:-1"},"canonical":"https:\/\/www.villaserena.eu\/de\/extra-dienstleistungen\/","og_locale":"de_DE","og_type":"article","og_title":"Extra Dienstleistungen - Villa Serena","og_description":"[vc_row full_width=&#8220;stretch_row&#8220; equal_height=&#8220;yes&#8220; content_placement=&#8220;top&#8220; overlay_color=&#8220;rgba(0,0,0,0.01)&#8220; css=&#8220;.vc_custom_1496041705059{padding-top: 120px !important;}&#8220;][vc_column][vc_column_text][\/vc_column_text][vc_row_inner][vc_column_inner][vc_empty_space height=&#8220;60px&#8220; height2=&#8220;30&#8243;][\/vc_column_inner][\/vc_row_inner][\/vc_column][\/vc_row][vc_row][vc_column][vc_empty_space height=&#8220;120px&#8220; height2=&#8220;30&#8243;][\/vc_column][\/vc_row]","og_url":"https:\/\/www.villaserena.eu\/de\/extra-dienstleistungen\/","og_site_name":"Villa Serena","article_modified_time":"2021-06-18T17:04:45+00:00","twitter_card":"summary_large_image","twitter_misc":{"Gesch\u00e4tzte Lesezeit":"1\u00a0Minute"},"schema":{"@context":"https:\/\/schema.org","@graph":[{"@type":"WebPage","@id":"https:\/\/www.villaserena.eu\/de\/extra-dienstleistungen\/","url":"https:\/\/www.villaserena.eu\/de\/extra-dienstleistungen\/","name":"Extra Dienstleistungen - Villa Serena","isPartOf":{"@id":"https:\/\/www.villaserena.eu\/#website"},"datePublished":"2021-06-18T16:53:21+00:00","dateModified":"2021-06-18T17:04:45+00:00","breadcrumb":{"@id":"https:\/\/www.villaserena.eu\/de\/extra-dienstleistungen\/#breadcrumb"},"inLanguage":"de","potentialAction":[{"@type":"ReadAction","target":["https:\/\/www.villaserena.eu\/de\/extra-dienstleistungen\/"]}]},{"@type":"BreadcrumbList","@id":"https:\/\/www.villaserena.eu\/de\/extra-dienstleistungen\/#breadcrumb","itemListElement":[{"@type":"ListItem","position":1,"name":"Home","item":"https:\/\/www.villaserena.eu\/de\/"},{"@type":"ListItem","position":2,"name":"Extra Dienstleistungen"}]},{"@type":"WebSite","@id":"https:\/\/www.villaserena.eu\/#website","url":"https:\/\/www.villaserena.eu\/","name":"Villa Serena","description":"Localita con Piscina","publisher":{"@id":"https:\/\/www.villaserena.eu\/#organization"},"potentialAction":[{"@type":"SearchAction","target":{"@type":"EntryPoint","urlTemplate":"https:\/\/www.villaserena.eu\/?s={search_term_string}"},"query-input":{"@type":"PropertyValueSpecification","valueRequired":true,"valueName":"search_term_string"}}],"inLanguage":"de"},{"@type":"Organization","@id":"https:\/\/www.villaserena.eu\/#organization","name":"Villa Serena","url":"https:\/\/www.villaserena.eu\/","logo":{"@type":"ImageObject","inLanguage":"de","@id":"https:\/\/www.villaserena.eu\/#\/schema\/logo\/image\/","url":"","contentUrl":"","caption":"Villa Serena"},"image":{"@id":"https:\/\/www.villaserena.eu\/#\/schema\/logo\/image\/"}}]}},"_links":{"self":[{"href":"https:\/\/www.villaserena.eu\/de\/wp-json\/wp\/v2\/pages\/2526\/"}],"collection":[{"href":"https:\/\/www.villaserena.eu\/de\/wp-json\/wp\/v2\/pages\/"}],"about":[{"href":"https:\/\/www.villaserena.eu\/de\/wp-json\/wp\/v2\/types\/page\/"}],"author":[{"embeddable":true,"href":"https:\/\/www.villaserena.eu\/de\/wp-json\/wp\/v2\/users\/4\/"}],"replies":[{"embeddable":true,"href":"https:\/\/www.villaserena.eu\/de\/wp-json\/wp\/v2\/comments\/?post=2526"}],"version-history":[{"count":3,"href":"https:\/\/www.villaserena.eu\/de\/wp-json\/wp\/v2\/pages\/2526\/revisions\/"}],"predecessor-version":[{"id":2535,"href":"https:\/\/www.villaserena.eu\/de\/wp-json\/wp\/v2\/pages\/2526\/revisions\/2535\/"}],"wp:attachment":[{"href":"https:\/\/www.villaserena.eu\/de\/wp-json\/wp\/v2\/media\/?parent=2526"}],"curies":[{"name":"wp","href":"https:\/\/api.w.org\/{rel}","templated":true}]}}