{"id":2285,"date":"2020-02-20T14:22:01","date_gmt":"2020-02-20T14:22:01","guid":{"rendered":"http:\/\/www.villaserena.eu\/storia\/"},"modified":"2020-05-08T12:21:35","modified_gmt":"2020-05-08T12:21:35","slug":"geschichte","status":"publish","type":"page","link":"https:\/\/www.villaserena.eu\/de\/geschichte\/","title":{"rendered":"Geschichte"},"content":{"rendered":"<p>[vc_row overlay_color=&#8220;rgba(0,0,0,0.01)&#8220; css=&#8220;.vc_custom_1552668086189{padding-top: 120px !important;}&#8220;][vc_column]<div class=\"text-left reda-page-header id_169e85a21141fd347794831 animate-text  \"><div class=\"reda-header  header-color\" style=\"color: ;\"><\/div><\/div><\/p>\n<h1 style=\"font-size: 120px;\">Villa Serena<\/h1>\n<p><style scoped> .reda-page-header.id_169e85a21141fd347794831 .header-underline:after { background-color: ; }<\/style><div class=\"text-left reda-page-header id_169e85a211421b828953095 animate-text   vc_custom_1582208658688\"><div class=\"reda-header  header-underline underline-100 header-color\" style=\"color: ;\"><\/div><\/div><\/p>\n<h3><span style=\"font-size: 70px;\">Umgeben von den gr\u00fcnen H\u00fcgeln Trevisos <\/span><\/h3>\n<p><style scoped> .reda-page-header.id_169e85a211421b828953095 .header-underline:after { background-color: ; }<\/style>[vc_row_inner][vc_column_inner width=&#8220;1\/2&#8243;][vc_empty_space height=&#8220;60px&#8220;]<div class=\"text-left reda-page-header id_169e85a211422d1776067816 animate-text   vc_custom_1582208669796\"><div class=\"reda-header  header-color\" style=\"color: #ac8b51;\"><\/div><\/div><\/p>\n<h3>Die sanften Konturen der H\u00fcgel der Costa d&#8217;Oro del Montello in der Provinz Treviso bilden die nat\u00fcrliche Kulisse der Villa Serena.<\/h3>\n<p><style scoped> .reda-page-header.id_169e85a211422d1776067816 .header-underline:after { background-color: #ac8b51; }<\/style>[\/vc_column_inner][vc_column_inner width=&#8220;1\/2&#8243;][vc_empty_space height=&#8220;60px&#8220;][vc_column_text css=&#8220;.vc_custom_1582208703073{padding-left: 60px !important;}&#8220;]Unsere Villa ist eine elegante Residenz im <strong>Stil des achtzehnten Jahrhunderts<\/strong>, eingebettet in das Gr\u00fcn der Trevisaner Ebene, in Montebelluna, einer dynamischen Stadt und <strong>Welthauptstadt des Schuhhandwerks<\/strong>. Unsere Familie ist seit drei Generationen Teil der wunderbaren Welt des Gastgewerbes. Seit Jahren setzen wir uns daf\u00fcr ein, dass unsere G\u00e4ste in der Villa Serena den idealen Ort f\u00fcr kulturelle, gesch\u00e4ftliche oder entspannende Aufenthalte in einer <strong>komfortablen<\/strong> und <strong>famili\u00e4ren Umgebung finden<\/strong>.[\/vc_column_text][\/vc_column_inner][vc_column_inner][vc_separator el_width=&#8220;50&#8243;][vc_single_image image=&#8220;2211&#8243; img_size=&#8220;full&#8220; alignment=&#8220;center&#8220; style=&#8220;vc_box_rounded&#8220;][\/vc_column_inner][\/vc_row_inner][\/vc_column][\/vc_row][vc_row full_width=&#8220;stretch_row&#8220; overlay_color=&#8220;#ffffff&#8220; css=&#8220;.vc_custom_1558080843686{background-color: #ffffff !important;}&#8220; el_class=&#8220;storia-modulo-in-basso&#8220;][vc_column width=&#8220;1\/2&#8243;]<div class=\"text-left reda-page-header id_169e85a211423c162499934 animate-text   vc_custom_1582208729431\"><div class=\"reda-header  header-color\" style=\"color: #4f4f4f;\"><\/div><\/div><\/p>\n<h2>Ein wenig Geschichte<\/h2>\n<p><style scoped> .reda-page-header.id_169e85a211423c162499934 .header-underline:after { background-color: #4f4f4f; }<\/style>[vc_column_text css=&#8220;.vc_custom_1582208803778{padding-left: 60px !important;}&#8220;]Dei Villa Serena wird von unserer Familie gef\u00fchrt: <strong>Alessandro<\/strong> und <strong>Enrichetta<\/strong> (unsere Eltern) und ich, <strong>Serena<\/strong>, und mein Bruder Mirco. Wir sind seit drei Generationen in der wunderbaren Welt des Gastgewerbes t\u00e4tig. Unsere Gro\u00dfeltern v\u00e4terlicherseits er\u00f6ffneten <strong>in den 60er Jahren<\/strong> eine kleine \u201eFrasca\u201c, einen Ort der Erfrischung, der sich auf dem Landst\u00fcck hinter uns befindet. Etwa <strong>10 Jahre sp\u00e4ter<\/strong> gelang es ihnen mit der wertvollen Hilfe unseres Vaters Alessandro, ein Hotel-Restaurant zu er\u00f6ffnen, das stets aktiv und in der Umgebung bekannt ist.[\/vc_column_text][\/vc_column][vc_column width=&#8220;1\/2&#8243;][vc_column_text css=&#8220;.vc_custom_1582208896434{padding-left: 60px !important;}&#8220;]In der Zwischenzeit <strong>wuchsen wir Kinder heran<\/strong>; ich, Serena, war die \u00e4lteste Tochter und hatte beschlossen, die Hotelfachschule zu besuchen, um die Familient\u00e4tigkeiten fortzusetzen. Auch die <strong>Welt der Gastronomie<\/strong> und <strong>des Gastgewerbes<\/strong> hatte mich fasziniert, und mein Bruder und unsere Eltern begannen, mit Blick auf unsere Zukunft, <strong>den Traum ihres Lebens zu verwirklichen<\/strong>: eine Villa im venezianischen Stil zu errichten, genau wie die Villa Serena.<br \/>\nDank ihrer immensen Anstrengungen ging der Traum in Erf\u00fcllung: <strong>1992<\/strong> wurde das Land gekauft und das Projekt begonnen, <strong>1997<\/strong> wurde der erste Teil der Villa realisiert. Mit gro\u00dfer Freude wurde <strong>2001<\/strong> der Agrotourismus Villa Serena mit den <strong>ersten 10 Zimmern<\/strong> eingeweiht. Hinter der Villa befindet sich der Weinberg, um den sich mein Bruder Mirco k\u00fcmmert, wo die Trauben Pinot Nero, Chardonnay und Glera f\u00fcr die Herstellung des Prosecco DOC Treviso angebaut werden.[\/vc_column_text][\/vc_column][\/vc_row][vc_row][vc_column][vc_single_image image=&#8220;2352&#8243; img_size=&#8220;full&#8220;][\/vc_column][\/vc_row]<\/p>\n","protected":false},"excerpt":{"rendered":"<p>[vc_row overlay_color=&#8220;rgba(0,0,0,0.01)&#8220; css=&#8220;.vc_custom_1552668086189{padding-top: 120px !important;}&#8220;][vc_column][vc_row_inner][vc_column_inner width=&#8220;1\/2&#8243;][vc_empty_space height=&#8220;60px&#8220;][\/vc_column_inner][vc_column_inner width=&#8220;1\/2&#8243;][vc_empty_space height=&#8220;60px&#8220;][vc_column_text css=&#8220;.vc_custom_1582208703073{padding-left: 60px !important;}&#8220;]Unsere Villa ist eine elegante Residenz im Stil des achtzehnten Jahrhunderts, eingebettet in das Gr\u00fcn der Trevisaner Ebene, in Montebelluna, einer dynamischen Stadt und Welthauptstadt des Schuhhandwerks. Unsere Familie ist seit drei Generationen Teil der wunderbaren Welt des Gastgewerbes. Seit Jahren setzen wir uns [&hellip;]<\/p>\n","protected":false},"author":1,"featured_media":0,"parent":0,"menu_order":0,"comment_status":"closed","ping_status":"closed","template":"","meta":{"_monsterinsights_skip_tracking":false,"_monsterinsights_sitenote_active":false,"_monsterinsights_sitenote_note":"","_monsterinsights_sitenote_category":0,"footnotes":""},"class_list":["post-2285","page","type-page","status-publish","hentry"],"yoast_head":"<!-- This site is optimized with the Yoast SEO plugin v27.4 - https:\/\/yoast.com\/product\/yoast-seo-wordpress\/ -->\n<title>Geschichte - Villa Serena<\/title>\n<meta name=\"robots\" content=\"index, follow, max-snippet:-1, max-image-preview:large, max-video-preview:-1\" \/>\n<link rel=\"canonical\" href=\"https:\/\/www.villaserena.eu\/de\/geschichte\/\" \/>\n<meta property=\"og:locale\" content=\"de_DE\" \/>\n<meta property=\"og:type\" content=\"article\" \/>\n<meta property=\"og:title\" content=\"Geschichte - Villa Serena\" \/>\n<meta property=\"og:description\" content=\"[vc_row overlay_color=&#8220;rgba(0,0,0,0.01)&#8220; css=&#8220;.vc_custom_1552668086189{padding-top: 120px !important;}&#8220;][vc_column][vc_row_inner][vc_column_inner width=&#8220;1\/2&#8243;][vc_empty_space height=&#8220;60px&#8220;][\/vc_column_inner][vc_column_inner width=&#8220;1\/2&#8243;][vc_empty_space height=&#8220;60px&#8220;][vc_column_text css=&#8220;.vc_custom_1582208703073{padding-left: 60px !important;}&#8220;]Unsere Villa ist eine elegante Residenz im Stil des achtzehnten Jahrhunderts, eingebettet in das Gr\u00fcn der Trevisaner Ebene, in Montebelluna, einer dynamischen Stadt und Welthauptstadt des Schuhhandwerks. Unsere Familie ist seit drei Generationen Teil der wunderbaren Welt des Gastgewerbes. Seit Jahren setzen wir uns [&hellip;]\" \/>\n<meta property=\"og:url\" content=\"https:\/\/www.villaserena.eu\/de\/geschichte\/\" \/>\n<meta property=\"og:site_name\" content=\"Villa Serena\" \/>\n<meta property=\"article:modified_time\" content=\"2020-05-08T12:21:35+00:00\" \/>\n<meta name=\"twitter:card\" content=\"summary_large_image\" \/>\n<meta name=\"twitter:label1\" content=\"Gesch\u00e4tzte Lesezeit\" \/>\n\t<meta name=\"twitter:data1\" content=\"3\u00a0Minuten\" \/>\n<script type=\"application\/ld+json\" class=\"yoast-schema-graph\">{\"@context\":\"https:\\\/\\\/schema.org\",\"@graph\":[{\"@type\":\"WebPage\",\"@id\":\"https:\\\/\\\/www.villaserena.eu\\\/de\\\/geschichte\\\/\",\"url\":\"https:\\\/\\\/www.villaserena.eu\\\/de\\\/geschichte\\\/\",\"name\":\"Geschichte - Villa Serena\",\"isPartOf\":{\"@id\":\"https:\\\/\\\/www.villaserena.eu\\\/#website\"},\"datePublished\":\"2020-02-20T14:22:01+00:00\",\"dateModified\":\"2020-05-08T12:21:35+00:00\",\"breadcrumb\":{\"@id\":\"https:\\\/\\\/www.villaserena.eu\\\/de\\\/geschichte\\\/#breadcrumb\"},\"inLanguage\":\"de\",\"potentialAction\":[{\"@type\":\"ReadAction\",\"target\":[\"https:\\\/\\\/www.villaserena.eu\\\/de\\\/geschichte\\\/\"]}]},{\"@type\":\"BreadcrumbList\",\"@id\":\"https:\\\/\\\/www.villaserena.eu\\\/de\\\/geschichte\\\/#breadcrumb\",\"itemListElement\":[{\"@type\":\"ListItem\",\"position\":1,\"name\":\"Home\",\"item\":\"https:\\\/\\\/www.villaserena.eu\\\/de\\\/\"},{\"@type\":\"ListItem\",\"position\":2,\"name\":\"Geschichte\"}]},{\"@type\":\"WebSite\",\"@id\":\"https:\\\/\\\/www.villaserena.eu\\\/#website\",\"url\":\"https:\\\/\\\/www.villaserena.eu\\\/\",\"name\":\"Villa Serena\",\"description\":\"Localita con Piscina\",\"publisher\":{\"@id\":\"https:\\\/\\\/www.villaserena.eu\\\/#organization\"},\"potentialAction\":[{\"@type\":\"SearchAction\",\"target\":{\"@type\":\"EntryPoint\",\"urlTemplate\":\"https:\\\/\\\/www.villaserena.eu\\\/?s={search_term_string}\"},\"query-input\":{\"@type\":\"PropertyValueSpecification\",\"valueRequired\":true,\"valueName\":\"search_term_string\"}}],\"inLanguage\":\"de\"},{\"@type\":\"Organization\",\"@id\":\"https:\\\/\\\/www.villaserena.eu\\\/#organization\",\"name\":\"Villa Serena\",\"url\":\"https:\\\/\\\/www.villaserena.eu\\\/\",\"logo\":{\"@type\":\"ImageObject\",\"inLanguage\":\"de\",\"@id\":\"https:\\\/\\\/www.villaserena.eu\\\/#\\\/schema\\\/logo\\\/image\\\/\",\"url\":\"\",\"contentUrl\":\"\",\"caption\":\"Villa Serena\"},\"image\":{\"@id\":\"https:\\\/\\\/www.villaserena.eu\\\/#\\\/schema\\\/logo\\\/image\\\/\"}}]}<\/script>\n<!-- \/ Yoast SEO plugin. -->","yoast_head_json":{"title":"Geschichte - Villa Serena","robots":{"index":"index","follow":"follow","max-snippet":"max-snippet:-1","max-image-preview":"max-image-preview:large","max-video-preview":"max-video-preview:-1"},"canonical":"https:\/\/www.villaserena.eu\/de\/geschichte\/","og_locale":"de_DE","og_type":"article","og_title":"Geschichte - Villa Serena","og_description":"[vc_row overlay_color=&#8220;rgba(0,0,0,0.01)&#8220; css=&#8220;.vc_custom_1552668086189{padding-top: 120px !important;}&#8220;][vc_column][vc_row_inner][vc_column_inner width=&#8220;1\/2&#8243;][vc_empty_space height=&#8220;60px&#8220;][\/vc_column_inner][vc_column_inner width=&#8220;1\/2&#8243;][vc_empty_space height=&#8220;60px&#8220;][vc_column_text css=&#8220;.vc_custom_1582208703073{padding-left: 60px !important;}&#8220;]Unsere Villa ist eine elegante Residenz im Stil des achtzehnten Jahrhunderts, eingebettet in das Gr\u00fcn der Trevisaner Ebene, in Montebelluna, einer dynamischen Stadt und Welthauptstadt des Schuhhandwerks. Unsere Familie ist seit drei Generationen Teil der wunderbaren Welt des Gastgewerbes. Seit Jahren setzen wir uns [&hellip;]","og_url":"https:\/\/www.villaserena.eu\/de\/geschichte\/","og_site_name":"Villa Serena","article_modified_time":"2020-05-08T12:21:35+00:00","twitter_card":"summary_large_image","twitter_misc":{"Gesch\u00e4tzte Lesezeit":"3\u00a0Minuten"},"schema":{"@context":"https:\/\/schema.org","@graph":[{"@type":"WebPage","@id":"https:\/\/www.villaserena.eu\/de\/geschichte\/","url":"https:\/\/www.villaserena.eu\/de\/geschichte\/","name":"Geschichte - Villa Serena","isPartOf":{"@id":"https:\/\/www.villaserena.eu\/#website"},"datePublished":"2020-02-20T14:22:01+00:00","dateModified":"2020-05-08T12:21:35+00:00","breadcrumb":{"@id":"https:\/\/www.villaserena.eu\/de\/geschichte\/#breadcrumb"},"inLanguage":"de","potentialAction":[{"@type":"ReadAction","target":["https:\/\/www.villaserena.eu\/de\/geschichte\/"]}]},{"@type":"BreadcrumbList","@id":"https:\/\/www.villaserena.eu\/de\/geschichte\/#breadcrumb","itemListElement":[{"@type":"ListItem","position":1,"name":"Home","item":"https:\/\/www.villaserena.eu\/de\/"},{"@type":"ListItem","position":2,"name":"Geschichte"}]},{"@type":"WebSite","@id":"https:\/\/www.villaserena.eu\/#website","url":"https:\/\/www.villaserena.eu\/","name":"Villa Serena","description":"Localita con Piscina","publisher":{"@id":"https:\/\/www.villaserena.eu\/#organization"},"potentialAction":[{"@type":"SearchAction","target":{"@type":"EntryPoint","urlTemplate":"https:\/\/www.villaserena.eu\/?s={search_term_string}"},"query-input":{"@type":"PropertyValueSpecification","valueRequired":true,"valueName":"search_term_string"}}],"inLanguage":"de"},{"@type":"Organization","@id":"https:\/\/www.villaserena.eu\/#organization","name":"Villa Serena","url":"https:\/\/www.villaserena.eu\/","logo":{"@type":"ImageObject","inLanguage":"de","@id":"https:\/\/www.villaserena.eu\/#\/schema\/logo\/image\/","url":"","contentUrl":"","caption":"Villa Serena"},"image":{"@id":"https:\/\/www.villaserena.eu\/#\/schema\/logo\/image\/"}}]}},"_links":{"self":[{"href":"https:\/\/www.villaserena.eu\/de\/wp-json\/wp\/v2\/pages\/2285\/"}],"collection":[{"href":"https:\/\/www.villaserena.eu\/de\/wp-json\/wp\/v2\/pages\/"}],"about":[{"href":"https:\/\/www.villaserena.eu\/de\/wp-json\/wp\/v2\/types\/page\/"}],"author":[{"embeddable":true,"href":"https:\/\/www.villaserena.eu\/de\/wp-json\/wp\/v2\/users\/1\/"}],"replies":[{"embeddable":true,"href":"https:\/\/www.villaserena.eu\/de\/wp-json\/wp\/v2\/comments\/?post=2285"}],"version-history":[{"count":4,"href":"https:\/\/www.villaserena.eu\/de\/wp-json\/wp\/v2\/pages\/2285\/revisions\/"}],"predecessor-version":[{"id":2355,"href":"https:\/\/www.villaserena.eu\/de\/wp-json\/wp\/v2\/pages\/2285\/revisions\/2355\/"}],"wp:attachment":[{"href":"https:\/\/www.villaserena.eu\/de\/wp-json\/wp\/v2\/media\/?parent=2285"}],"curies":[{"name":"wp","href":"https:\/\/api.w.org\/{rel}","templated":true}]}}