{"id":2037,"date":"2019-03-28T15:17:03","date_gmt":"2019-03-28T15:17:03","guid":{"rendered":"http:\/\/villaserena.bestrank.it\/?page_id=2037"},"modified":"2021-06-18T16:49:19","modified_gmt":"2021-06-18T16:49:19","slug":"experiences","status":"publish","type":"page","link":"https:\/\/www.villaserena.eu\/de\/experiences\/","title":{"rendered":"Experiences"},"content":{"rendered":"<p>[vc_row full_width=&#8220;stretch_row&#8220; equal_height=&#8220;yes&#8220; content_placement=&#8220;top&#8220; overlay_color=&#8220;rgba(0,0,0,0.01)&#8220; css=&#8220;.vc_custom_1496041705059{padding-top: 120px !important;}&#8220;][vc_column]<div class=\"text-left reda-page-header id_169f555e383475756410073 animate-text  \"><div class=\"reda-header  header-underline underline-100 header-color\" style=\"color: ;\"><\/div><\/div><\/p>\n<h1><span style=\"font-size: 80px;\">Experiences<\/span><\/h1>\n<div id=\"gtx-trans\" style=\"position: absolute; left: 6px; top: 7.4375px;\">\n<div class=\"gtx-trans-icon\"><\/div>\n<\/div>\n<p><style scoped> .reda-page-header.id_169f555e383475756410073 .header-underline:after { background-color: ; }<\/style><div class=\"text-left reda-page-header id_169f555e3834b0381670813 animate-text   vc_custom_1582210576442\"><div class=\"reda-header  header-color\" style=\"color: #ac8b51;\"><\/div><\/div><\/p>\n<h2>Um sich wie zu Hause zu f\u00fchlen<\/h2>\n<p><style scoped> .reda-page-header.id_169f555e3834b0381670813 .header-underline:after { background-color: #ac8b51; }<\/style>[vc_column_text][\/vc_column_text][vc_row_inner][vc_column_inner][vc_empty_space height=&#8220;60px&#8220; height2=&#8220;30&#8243;][\/vc_column_inner][\/vc_row_inner][\/vc_column][\/vc_row][vc_row][vc_column]<div class=\" call-to-action cta-sm\"><div class=\"page-bg-color id_169f555e3834ec1532698320 element-cta cta-left-img\" style=\"background: #ffffff\">\n\t\t\t\t\t<div class=\"image-content img-bg-wrapper\">\n\t\t\t\t\t\t<div class=\"img-bg-inner\">\n\t\t\t\t\t\t\t<div class=\"mosaic-img\" style=\"background-image: url(https:\/\/www.villaserena.eu\/wp-content\/uploads\/2019\/03\/percorsi-endogastronomici-degustazioni.jpg); background-size: cover; background-position: center center; \"><\/div>\n\t\t\t\t\t\t<\/div>\n\t\t\t\t\t<\/div>\n\t\t\t\t\t<div class=\"cta-content animate-text loaded-text\" style=\"padding: 60px 60px\">\n\t\t\t\t\t\t<div class=\"content\"><\/div><\/div><\/div><\/div><\/p>\n<p class=\"reda-header-top\" style=\"margin-bottom: 5px;\">Essen<\/p>\n<h3>ESSENS- UND WEINTOUR<\/h3>\n<p>Das Personal des Agrotourismus Villa Serena steht Ihnen zur Verf\u00fcgung, um Sie \u00fcber die interessantesten Orte in der Gegend zu beraten. Dank der Zusammenarbeit mit einer Partneragentur steht unseren G\u00e4sten eine gro\u00dfe Auswahl an kulinarischen und weinkundlichen F\u00fchrungen, Verkostungen, Besichtigungen der Weinkeller und viele andere organisierte Ausfl\u00fcge zur Verf\u00fcgung.<\/p>\n\n\t\t\t\t\t\t\n\t\t\t\t\t\n\t\t\t\t\n\n\t\t<style scoped>\n\t\t\t.id_169f555e3834ec1532698320.element-cta h1, .id_169f555e3834ec1532698320.element-cta h2, .id_169f555e3834ec1532698320.element-cta h3, .id_169f555e3834ec1532698320.element-cta h4, .id_169f555e3834ec1532698320.element-cta h5, .id_169f555e3834ec1532698320.element-cta h6 { color: ; }\n\t\t\t.id_169f555e3834ec1532698320.element-cta p, .id_169f555e3834ec1532698320.element-cta li { color: ; }\n\t\t\t.id_169f555e3834ec1532698320.element-cta.page-bg-color { background-color: #ffffff; }\n\t\t\t.id_169f555e3834ec1532698320.element-cta .reda-header-top { color: ; }\n\t\t\t.id_169f555e3834ec1532698320.element-cta .btn-solid.btn-accent, .id_169f555e3834ec1532698320 .btn-border.btn-accent:hover { background: ; }\n\t\t\t.id_169f555e3834ec1532698320.element-cta .btn-accent { border-color: ; }\n\t\t\t.id_169f555e3834ec1532698320.element-cta .btn-border.btn-accent .btn-text { color: ; }\n\t\t\t.id_169f555e3834ec1532698320.element-cta .btn-border.btn-accent:hover .btn-text { color: #ffffff; } \n\t\t\t<\/style><div class=\" call-to-action cta-sm\"><div class=\"page-bg-color id_169f555e3837be1525229912 element-cta cta-right-img\" style=\"background: #ffffff\">\n\t\t\t\t\t<div class=\"image-content img-bg-wrapper\">\n\t\t\t\t\t\t<div class=\"img-bg-inner\">\n\t\t\t\t\t\t\t<div class=\"mosaic-img\" style=\"background-image: url(https:\/\/www.villaserena.eu\/wp-content\/uploads\/2019\/03\/bici.jpg); background-size: cover; background-position: center center; \"><\/div>\n\t\t\t\t\t\t<\/div>\n\t\t\t\t\t<\/div>\n\t\t\t\t\t<div class=\"cta-content animate-text loaded-text\" style=\"padding: 60px 60px\">\n\t\t\t\t\t\t<div class=\"content\">\n<p class=\"reda-header-top\" style=\"margin-bottom: 5px;\">Ausfl\u00fcge<\/p>\n<h3>FAHRRADVERLEIH<\/h3>\n<p>Wir bieten Ihnen die M\u00f6glichkeit, unsere Fahrr\u00e4der kostenlos zu mieten, solange der Vorrat reicht, f\u00fcr eine faszinierende Fahrt entlang des Montello oder durch die historischen und charakteristischen Orte unserer Gegend.<\/p>\n<\/div>\n\t\t\t\t\t\t\n\t\t\t\t\t<\/div>\n\t\t\t\t<\/div><\/div>\n\n\t\t<style scoped>\n\t\t\t.id_169f555e3837be1525229912.element-cta h1, .id_169f555e3837be1525229912.element-cta h2, .id_169f555e3837be1525229912.element-cta h3, .id_169f555e3837be1525229912.element-cta h4, .id_169f555e3837be1525229912.element-cta h5, .id_169f555e3837be1525229912.element-cta h6 { color: ; }\n\t\t\t.id_169f555e3837be1525229912.element-cta p, .id_169f555e3837be1525229912.element-cta li { color: ; }\n\t\t\t.id_169f555e3837be1525229912.element-cta.page-bg-color { background-color: #ffffff; }\n\t\t\t.id_169f555e3837be1525229912.element-cta .reda-header-top { color: ; }\n\t\t\t.id_169f555e3837be1525229912.element-cta .btn-solid.btn-accent, .id_169f555e3837be1525229912 .btn-border.btn-accent:hover { background: ; }\n\t\t\t.id_169f555e3837be1525229912.element-cta .btn-accent { border-color: ; }\n\t\t\t.id_169f555e3837be1525229912.element-cta .btn-border.btn-accent .btn-text { color: ; }\n\t\t\t.id_169f555e3837be1525229912.element-cta .btn-border.btn-accent:hover .btn-text { color: #ffffff; } \n\t\t\t<\/style><div class=\" call-to-action cta-sm\"><div class=\"page-bg-color id_169f555e383a231696625272 element-cta cta-left-img\" style=\"background: #ffffff\">\n\t\t\t\t\t<div class=\"image-content img-bg-wrapper\">\n\t\t\t\t\t\t<div class=\"img-bg-inner\">\n\t\t\t\t\t\t\t<div class=\"mosaic-img\" style=\"background-image: url(https:\/\/www.villaserena.eu\/wp-content\/uploads\/2019\/03\/erik-brolin-761191-unsplash.jpg); background-size: cover; background-position: center center; \"><\/div>\n\t\t\t\t\t\t<\/div>\n\t\t\t\t\t<\/div>\n\t\t\t\t\t<div class=\"cta-content animate-text loaded-text\" style=\"padding: 60px 60px\">\n\t\t\t\t\t\t<div class=\"content\">\n<p class=\"reda-header-top\" style=\"margin-bottom: 5px;\">Sport<\/p>\n<h3>GOLF UND REITEN<\/h3>\n<p>Nicht weit vom Agrotourismus entfernt stehen unseren G\u00e4sten ein Reitstall und mehrere Golfpl\u00e4tze zur Verf\u00fcgung, um ihre Leidenschaften nicht aufzugeben oder neue und lustige Erfahrungen inmitten des Gebiets von Treviso zu machen.<\/p>\n<\/div>\n\t\t\t\t\t\t\n\t\t\t\t\t<\/div>\n\t\t\t\t<\/div><\/div>\n\n\t\t<style scoped>\n\t\t\t.id_169f555e383a231696625272.element-cta h1, .id_169f555e383a231696625272.element-cta h2, .id_169f555e383a231696625272.element-cta h3, .id_169f555e383a231696625272.element-cta h4, .id_169f555e383a231696625272.element-cta h5, .id_169f555e383a231696625272.element-cta h6 { color: ; }\n\t\t\t.id_169f555e383a231696625272.element-cta p, .id_169f555e383a231696625272.element-cta li { color: ; }\n\t\t\t.id_169f555e383a231696625272.element-cta.page-bg-color { background-color: #ffffff; }\n\t\t\t.id_169f555e383a231696625272.element-cta .reda-header-top { color: ; }\n\t\t\t.id_169f555e383a231696625272.element-cta .btn-solid.btn-accent, .id_169f555e383a231696625272 .btn-border.btn-accent:hover { background: ; }\n\t\t\t.id_169f555e383a231696625272.element-cta .btn-accent { border-color: ; }\n\t\t\t.id_169f555e383a231696625272.element-cta .btn-border.btn-accent .btn-text { color: ; }\n\t\t\t.id_169f555e383a231696625272.element-cta .btn-border.btn-accent:hover .btn-text { color: #ffffff; } \n\t\t\t<\/style><div class=\" call-to-action cta-sm\"><div class=\"page-bg-color id_169f555e383c971359998500 element-cta cta-right-img\" style=\"background: #ffffff\">\n\t\t\t\t\t<div class=\"image-content img-bg-wrapper\">\n\t\t\t\t\t\t<div class=\"img-bg-inner\">\n\t\t\t\t\t\t\t<div class=\"mosaic-img\" style=\"background-image: url(https:\/\/www.villaserena.eu\/wp-content\/uploads\/2021\/06\/WhatsApp-Image-2021-06-14-at-11.42.15-min-1024x682.jpeg); background-size: cover; background-position: center center; \"><\/div>\n\t\t\t\t\t\t<\/div>\n\t\t\t\t\t<\/div>\n\t\t\t\t\t<div class=\"cta-content animate-text loaded-text\" style=\"padding: 60px 60px\">\n\t\t\t\t\t\t<div class=\"content\">\n<p class=\"reda-header-top\" style=\"margin-bottom: 5px;\">Touren<\/p>\n<h3>NATURSPAZIERGANG MIT DEN ALPAKAS<\/h3>\n<p>Ein Spaziergang auf den Wegen von Montello, in der N\u00e4he von unserer Strukturen, mit s\u00fc\u00dfen Alpakas auf einem lokalem Bauernhof, dass mit uns zusammenarbeitet.<br \/>\nZeit verbringen mit diesen au\u00dferordentlichen Tieren wird euch ein Gef\u00fchl von Frieden geben<\/p>\n<\/div>\n\t\t\t\t\t\t\n\t\t\t\t\t<\/div>\n\t\t\t\t<\/div><\/div>\n\n\t\t<style scoped>\n\t\t\t.id_169f555e383c971359998500.element-cta h1, .id_169f555e383c971359998500.element-cta h2, .id_169f555e383c971359998500.element-cta h3, .id_169f555e383c971359998500.element-cta h4, .id_169f555e383c971359998500.element-cta h5, .id_169f555e383c971359998500.element-cta h6 { color: ; }\n\t\t\t.id_169f555e383c971359998500.element-cta p, .id_169f555e383c971359998500.element-cta li { color: ; }\n\t\t\t.id_169f555e383c971359998500.element-cta.page-bg-color { background-color: #ffffff; }\n\t\t\t.id_169f555e383c971359998500.element-cta .reda-header-top { color: ; }\n\t\t\t.id_169f555e383c971359998500.element-cta .btn-solid.btn-accent, .id_169f555e383c971359998500 .btn-border.btn-accent:hover { background: ; }\n\t\t\t.id_169f555e383c971359998500.element-cta .btn-accent { border-color: ; }\n\t\t\t.id_169f555e383c971359998500.element-cta .btn-border.btn-accent .btn-text { color: ; }\n\t\t\t.id_169f555e383c971359998500.element-cta .btn-border.btn-accent:hover .btn-text { color: #ffffff; } \n\t\t\t<\/style>[vc_empty_space height=&#8220;120px&#8220; height2=&#8220;30&#8243;][\/vc_column][\/vc_row]\n","protected":false},"excerpt":{"rendered":"<p>[vc_row full_width=&#8220;stretch_row&#8220; equal_height=&#8220;yes&#8220; content_placement=&#8220;top&#8220; overlay_color=&#8220;rgba(0,0,0,0.01)&#8220; css=&#8220;.vc_custom_1496041705059{padding-top: 120px !important;}&#8220;][vc_column][vc_column_text][\/vc_column_text][vc_row_inner][vc_column_inner][vc_empty_space height=&#8220;60px&#8220; height2=&#8220;30&#8243;][\/vc_column_inner][\/vc_row_inner][\/vc_column][\/vc_row][vc_row][vc_column][vc_empty_space height=&#8220;120px&#8220; height2=&#8220;30&#8243;][\/vc_column][\/vc_row]<\/p>\n","protected":false},"author":1,"featured_media":0,"parent":0,"menu_order":0,"comment_status":"closed","ping_status":"closed","template":"","meta":{"_monsterinsights_skip_tracking":false,"_monsterinsights_sitenote_active":false,"_monsterinsights_sitenote_note":"","_monsterinsights_sitenote_category":0,"footnotes":""},"class_list":["post-2037","page","type-page","status-publish","hentry"],"yoast_head":"<!-- This site is optimized with the Yoast SEO plugin v27.5 - https:\/\/yoast.com\/product\/yoast-seo-wordpress\/ -->\n<title>Experiences - Villa Serena<\/title>\n<meta name=\"robots\" content=\"index, follow, max-snippet:-1, max-image-preview:large, max-video-preview:-1\" \/>\n<link rel=\"canonical\" href=\"https:\/\/www.villaserena.eu\/de\/experiences\/\" \/>\n<meta property=\"og:locale\" content=\"de_DE\" \/>\n<meta property=\"og:type\" content=\"article\" \/>\n<meta property=\"og:title\" content=\"Experiences - Villa Serena\" \/>\n<meta property=\"og:description\" content=\"[vc_row full_width=&#8220;stretch_row&#8220; equal_height=&#8220;yes&#8220; content_placement=&#8220;top&#8220; overlay_color=&#8220;rgba(0,0,0,0.01)&#8220; css=&#8220;.vc_custom_1496041705059{padding-top: 120px !important;}&#8220;][vc_column][vc_column_text][\/vc_column_text][vc_row_inner][vc_column_inner][vc_empty_space height=&#8220;60px&#8220; height2=&#8220;30&#8243;][\/vc_column_inner][\/vc_row_inner][\/vc_column][\/vc_row][vc_row][vc_column][vc_empty_space height=&#8220;120px&#8220; height2=&#8220;30&#8243;][\/vc_column][\/vc_row]\" \/>\n<meta property=\"og:url\" content=\"https:\/\/www.villaserena.eu\/de\/experiences\/\" \/>\n<meta property=\"og:site_name\" content=\"Villa Serena\" \/>\n<meta property=\"article:modified_time\" content=\"2021-06-18T16:49:19+00:00\" \/>\n<meta name=\"twitter:card\" content=\"summary_large_image\" \/>\n<meta name=\"twitter:label1\" content=\"Gesch\u00e4tzte Lesezeit\" \/>\n\t<meta name=\"twitter:data1\" content=\"1\u00a0Minute\" \/>\n<script type=\"application\/ld+json\" class=\"yoast-schema-graph\">{\"@context\":\"https:\\\/\\\/schema.org\",\"@graph\":[{\"@type\":\"WebPage\",\"@id\":\"https:\\\/\\\/www.villaserena.eu\\\/de\\\/experiences\\\/\",\"url\":\"https:\\\/\\\/www.villaserena.eu\\\/de\\\/experiences\\\/\",\"name\":\"Experiences - Villa Serena\",\"isPartOf\":{\"@id\":\"https:\\\/\\\/www.villaserena.eu\\\/#website\"},\"datePublished\":\"2019-03-28T15:17:03+00:00\",\"dateModified\":\"2021-06-18T16:49:19+00:00\",\"breadcrumb\":{\"@id\":\"https:\\\/\\\/www.villaserena.eu\\\/de\\\/experiences\\\/#breadcrumb\"},\"inLanguage\":\"de\",\"potentialAction\":[{\"@type\":\"ReadAction\",\"target\":[\"https:\\\/\\\/www.villaserena.eu\\\/de\\\/experiences\\\/\"]}]},{\"@type\":\"BreadcrumbList\",\"@id\":\"https:\\\/\\\/www.villaserena.eu\\\/de\\\/experiences\\\/#breadcrumb\",\"itemListElement\":[{\"@type\":\"ListItem\",\"position\":1,\"name\":\"Home\",\"item\":\"https:\\\/\\\/www.villaserena.eu\\\/de\\\/\"},{\"@type\":\"ListItem\",\"position\":2,\"name\":\"Experiences\"}]},{\"@type\":\"WebSite\",\"@id\":\"https:\\\/\\\/www.villaserena.eu\\\/#website\",\"url\":\"https:\\\/\\\/www.villaserena.eu\\\/\",\"name\":\"Villa Serena\",\"description\":\"Localita con Piscina\",\"publisher\":{\"@id\":\"https:\\\/\\\/www.villaserena.eu\\\/#organization\"},\"potentialAction\":[{\"@type\":\"SearchAction\",\"target\":{\"@type\":\"EntryPoint\",\"urlTemplate\":\"https:\\\/\\\/www.villaserena.eu\\\/?s={search_term_string}\"},\"query-input\":{\"@type\":\"PropertyValueSpecification\",\"valueRequired\":true,\"valueName\":\"search_term_string\"}}],\"inLanguage\":\"de\"},{\"@type\":\"Organization\",\"@id\":\"https:\\\/\\\/www.villaserena.eu\\\/#organization\",\"name\":\"Villa Serena\",\"url\":\"https:\\\/\\\/www.villaserena.eu\\\/\",\"logo\":{\"@type\":\"ImageObject\",\"inLanguage\":\"de\",\"@id\":\"https:\\\/\\\/www.villaserena.eu\\\/#\\\/schema\\\/logo\\\/image\\\/\",\"url\":\"\",\"contentUrl\":\"\",\"caption\":\"Villa Serena\"},\"image\":{\"@id\":\"https:\\\/\\\/www.villaserena.eu\\\/#\\\/schema\\\/logo\\\/image\\\/\"}}]}<\/script>\n<!-- \/ Yoast SEO plugin. -->","yoast_head_json":{"title":"Experiences - Villa Serena","robots":{"index":"index","follow":"follow","max-snippet":"max-snippet:-1","max-image-preview":"max-image-preview:large","max-video-preview":"max-video-preview:-1"},"canonical":"https:\/\/www.villaserena.eu\/de\/experiences\/","og_locale":"de_DE","og_type":"article","og_title":"Experiences - Villa Serena","og_description":"[vc_row full_width=&#8220;stretch_row&#8220; equal_height=&#8220;yes&#8220; content_placement=&#8220;top&#8220; overlay_color=&#8220;rgba(0,0,0,0.01)&#8220; css=&#8220;.vc_custom_1496041705059{padding-top: 120px !important;}&#8220;][vc_column][vc_column_text][\/vc_column_text][vc_row_inner][vc_column_inner][vc_empty_space height=&#8220;60px&#8220; height2=&#8220;30&#8243;][\/vc_column_inner][\/vc_row_inner][\/vc_column][\/vc_row][vc_row][vc_column][vc_empty_space height=&#8220;120px&#8220; height2=&#8220;30&#8243;][\/vc_column][\/vc_row]","og_url":"https:\/\/www.villaserena.eu\/de\/experiences\/","og_site_name":"Villa Serena","article_modified_time":"2021-06-18T16:49:19+00:00","twitter_card":"summary_large_image","twitter_misc":{"Gesch\u00e4tzte Lesezeit":"1\u00a0Minute"},"schema":{"@context":"https:\/\/schema.org","@graph":[{"@type":"WebPage","@id":"https:\/\/www.villaserena.eu\/de\/experiences\/","url":"https:\/\/www.villaserena.eu\/de\/experiences\/","name":"Experiences - Villa Serena","isPartOf":{"@id":"https:\/\/www.villaserena.eu\/#website"},"datePublished":"2019-03-28T15:17:03+00:00","dateModified":"2021-06-18T16:49:19+00:00","breadcrumb":{"@id":"https:\/\/www.villaserena.eu\/de\/experiences\/#breadcrumb"},"inLanguage":"de","potentialAction":[{"@type":"ReadAction","target":["https:\/\/www.villaserena.eu\/de\/experiences\/"]}]},{"@type":"BreadcrumbList","@id":"https:\/\/www.villaserena.eu\/de\/experiences\/#breadcrumb","itemListElement":[{"@type":"ListItem","position":1,"name":"Home","item":"https:\/\/www.villaserena.eu\/de\/"},{"@type":"ListItem","position":2,"name":"Experiences"}]},{"@type":"WebSite","@id":"https:\/\/www.villaserena.eu\/#website","url":"https:\/\/www.villaserena.eu\/","name":"Villa Serena","description":"Localita con Piscina","publisher":{"@id":"https:\/\/www.villaserena.eu\/#organization"},"potentialAction":[{"@type":"SearchAction","target":{"@type":"EntryPoint","urlTemplate":"https:\/\/www.villaserena.eu\/?s={search_term_string}"},"query-input":{"@type":"PropertyValueSpecification","valueRequired":true,"valueName":"search_term_string"}}],"inLanguage":"de"},{"@type":"Organization","@id":"https:\/\/www.villaserena.eu\/#organization","name":"Villa Serena","url":"https:\/\/www.villaserena.eu\/","logo":{"@type":"ImageObject","inLanguage":"de","@id":"https:\/\/www.villaserena.eu\/#\/schema\/logo\/image\/","url":"","contentUrl":"","caption":"Villa Serena"},"image":{"@id":"https:\/\/www.villaserena.eu\/#\/schema\/logo\/image\/"}}]}},"_links":{"self":[{"href":"https:\/\/www.villaserena.eu\/de\/wp-json\/wp\/v2\/pages\/2037\/"}],"collection":[{"href":"https:\/\/www.villaserena.eu\/de\/wp-json\/wp\/v2\/pages\/"}],"about":[{"href":"https:\/\/www.villaserena.eu\/de\/wp-json\/wp\/v2\/types\/page\/"}],"author":[{"embeddable":true,"href":"https:\/\/www.villaserena.eu\/de\/wp-json\/wp\/v2\/users\/1\/"}],"replies":[{"embeddable":true,"href":"https:\/\/www.villaserena.eu\/de\/wp-json\/wp\/v2\/comments\/?post=2037"}],"version-history":[{"count":9,"href":"https:\/\/www.villaserena.eu\/de\/wp-json\/wp\/v2\/pages\/2037\/revisions\/"}],"predecessor-version":[{"id":2527,"href":"https:\/\/www.villaserena.eu\/de\/wp-json\/wp\/v2\/pages\/2037\/revisions\/2527\/"}],"wp:attachment":[{"href":"https:\/\/www.villaserena.eu\/de\/wp-json\/wp\/v2\/media\/?parent=2037"}],"curies":[{"name":"wp","href":"https:\/\/api.w.org\/{rel}","templated":true}]}}