{"id":2035,"date":"2019-03-28T15:15:25","date_gmt":"2019-03-28T15:15:25","guid":{"rendered":"http:\/\/villaserena.bestrank.it\/?page_id=2035"},"modified":"2024-08-28T08:13:45","modified_gmt":"2024-08-28T08:13:45","slug":"swimmingpool","status":"publish","type":"page","link":"https:\/\/www.villaserena.eu\/de\/swimmingpool\/","title":{"rendered":"Swimmingpool"},"content":{"rendered":"<p>[vc_row overlay_color=&#8220;rgba(0,0,0,0.01)&#8220; css=&#8220;.vc_custom_1495794333115{padding-top: 120px !important;}&#8220;][vc_column]<div class=\"text-left reda-page-header id_169e86f402e7b61311292209 animate-text  \"><div class=\"reda-header  header-underline underline-100 header-color\" style=\"color: ;\"><\/div><\/div><\/p>\n<h1><span style=\"font-size: 80px;\">Agriturismo con piscina<\/span><\/h1>\n<p><style scoped> .reda-page-header.id_169e86f402e7b61311292209 .header-underline:after { background-color: ; }<\/style>[vc_row_inner][vc_column_inner]<div class=\"text-left reda-page-header id_169e86f402e810536279701 animate-text   vc_custom_1579617575357\"><div class=\"reda-header  header-color\" style=\"color: #ac8b51;\"><\/div><\/div><\/p>\n<h2>Entspannen Sie sich in der Ruhe der venezianischen Landschaft<\/h2>\n<p><style scoped> .reda-page-header.id_169e86f402e810536279701 .header-underline:after { background-color: #ac8b51; }<\/style>[\/vc_column_inner][\/vc_row_inner][vc_row_inner][vc_column_inner width=&#8220;1\/2&#8243;][vc_empty_space height=&#8220;60px&#8220;][vc_column_text]<\/p>\n<p id=\"tw-target-text\" class=\"tw-data-text tw-text-large tw-ta\" dir=\"ltr\" data-placeholder=\"Traduzione\" aria-label=\"Testo tradotto\" data-ved=\"2ahUKEwiX46jZnJeIAxWE_7sIHUeKMDkQ3ewLegQIBxAU\"><span class=\"Y2IQFc\" lang=\"de\">Im Sommer k\u00f6nnen die G\u00e4ste des Bauernhauses Villa Serena auch herrliche und ruhige Tage am privaten Swimmingpool neben dem Bauernhaus in unserem Park verbringen. Unser Infinity-Pool ist die ideale L\u00f6sung zum Entspannen an hei\u00dfen Sommernachmittagen. Sonnenschirme, Sonnenliegen und weiche Badet\u00fccher stehen den G\u00e4sten ebenfalls zur Verf\u00fcgung (eines kostenlos im Zimmer, 3,00 \u20ac pro Wechsel).<\/span><\/p>\n<p>[\/vc_column_text][\/vc_column_inner][vc_column_inner width=&#8220;1\/2&#8243;][vc_empty_space height=&#8220;60px&#8220;][vc_column_text css=&#8220;.vc_custom_1724775494066{padding-left: 60px !important;}&#8220;]<\/p>\n<p id=\"tw-target-text\" class=\"tw-data-text tw-text-large tw-ta\" dir=\"ltr\" data-placeholder=\"Traduzione\" aria-label=\"Testo tradotto\" data-ved=\"2ahUKEwiX46jZnJeIAxWE_7sIHUeKMDkQ3ewLegQIBxAU\"><span class=\"Y2IQFc\" lang=\"de\">Das Poolwasser wird auf nat\u00fcrliche Weise durch den Prozess der Salzelektrolyse aufbereitet. Das Tragen einer Badekappe im Schwimmbad ist obligatorisch und gegen Geb\u00fchr auch an der Rezeption erh\u00e4ltlich. Die nur wenige Meter entfernte Bar steht den G\u00e4sten jederzeit f\u00fcr frische, regenerierende Getr\u00e4nke zur Verf\u00fcgung. An manchen Wochenenden im Sommer kann das Schwimmbad f\u00fcr bestimmte Veranstaltungen reserviert sein, daher bitten wir unsere potenziellen G\u00e4ste, sich zu erkundigen. Aus hygienischen Gr\u00fcnden sind Haustiere in unserer Einrichtung nicht gestattet.<\/span><\/p>\n<p>[\/vc_column_text][\/vc_column_inner][\/vc_row_inner][\/vc_column][\/vc_row][vc_row overlay_color=&#8220;rgba(0,0,0,0.01)&#8220;][vc_column][vc_single_image image=&#8220;2540&#8243; img_size=&#8220;full&#8220;][\/vc_column][\/vc_row]<\/p>\n","protected":false},"excerpt":{"rendered":"<p>[vc_row overlay_color=&#8220;rgba(0,0,0,0.01)&#8220; css=&#8220;.vc_custom_1495794333115{padding-top: 120px !important;}&#8220;][vc_column][vc_row_inner][vc_column_inner][\/vc_column_inner][\/vc_row_inner][vc_row_inner][vc_column_inner width=&#8220;1\/2&#8243;][vc_empty_space height=&#8220;60px&#8220;][vc_column_text] Im Sommer k\u00f6nnen die G\u00e4ste des Bauernhauses Villa Serena auch herrliche und ruhige Tage am privaten Swimmingpool neben dem Bauernhaus in unserem Park verbringen. Unser Infinity-Pool ist die ideale L\u00f6sung zum Entspannen an hei\u00dfen Sommernachmittagen. Sonnenschirme, Sonnenliegen und weiche Badet\u00fccher stehen den G\u00e4sten ebenfalls zur Verf\u00fcgung (eines kostenlos [&hellip;]<\/p>\n","protected":false},"author":1,"featured_media":0,"parent":0,"menu_order":0,"comment_status":"closed","ping_status":"closed","template":"","meta":{"_monsterinsights_skip_tracking":false,"_monsterinsights_sitenote_active":false,"_monsterinsights_sitenote_note":"","_monsterinsights_sitenote_category":0,"footnotes":""},"class_list":["post-2035","page","type-page","status-publish","hentry"],"yoast_head":"<!-- This site is optimized with the Yoast SEO plugin v27.4 - https:\/\/yoast.com\/product\/yoast-seo-wordpress\/ -->\n<title>Bauernhaus mit Schwimmbad in der N\u00e4he von Treviso, Venetien | Villa Serena<\/title>\n<meta name=\"description\" content=\"G\u00e4ste des Bauernhauses Villa Sereno k\u00f6nnen unseren gro\u00dfen Swimmingpool nutzen, um die herrlichen und ruhigen hei\u00dfen Sommertage zu genie\u00dfen.\" \/>\n<meta name=\"robots\" content=\"index, follow, max-snippet:-1, max-image-preview:large, max-video-preview:-1\" \/>\n<link rel=\"canonical\" href=\"https:\/\/www.villaserena.eu\/de\/piscina\/\" \/>\n<meta property=\"og:locale\" content=\"de_DE\" \/>\n<meta property=\"og:type\" content=\"article\" \/>\n<meta property=\"og:title\" content=\"Bauernhaus mit Schwimmbad in der N\u00e4he von Treviso, Venetien | Villa Serena\" \/>\n<meta property=\"og:description\" content=\"G\u00e4ste des Bauernhauses Villa Sereno k\u00f6nnen unseren gro\u00dfen Swimmingpool nutzen, um die herrlichen und ruhigen hei\u00dfen Sommertage zu genie\u00dfen.\" \/>\n<meta property=\"og:url\" content=\"https:\/\/www.villaserena.eu\/piscina\/\" \/>\n<meta property=\"og:site_name\" content=\"Villa Serena\" \/>\n<meta property=\"article:modified_time\" content=\"2024-08-28T08:13:45+00:00\" \/>\n<meta name=\"twitter:card\" content=\"summary_large_image\" \/>\n<meta name=\"twitter:label1\" content=\"Gesch\u00e4tzte Lesezeit\" \/>\n\t<meta name=\"twitter:data1\" content=\"1\u00a0Minute\" \/>\n<script type=\"application\/ld+json\" class=\"yoast-schema-graph\">{\"@context\":\"https:\\\/\\\/schema.org\",\"@graph\":[{\"@type\":\"WebPage\",\"@id\":\"https:\\\/\\\/www.villaserena.eu\\\/piscina\\\/\",\"url\":\"https:\\\/\\\/www.villaserena.eu\\\/piscina\\\/\",\"name\":\"Bauernhaus mit Schwimmbad in der N\u00e4he von Treviso, Venetien | Villa Serena\",\"isPartOf\":{\"@id\":\"https:\\\/\\\/www.villaserena.eu\\\/#website\"},\"datePublished\":\"2019-03-28T15:15:25+00:00\",\"dateModified\":\"2024-08-28T08:13:45+00:00\",\"description\":\"G\u00e4ste des Bauernhauses Villa Sereno k\u00f6nnen unseren gro\u00dfen Swimmingpool nutzen, um die herrlichen und ruhigen hei\u00dfen Sommertage zu genie\u00dfen.\",\"breadcrumb\":{\"@id\":\"https:\\\/\\\/www.villaserena.eu\\\/piscina\\\/#breadcrumb\"},\"inLanguage\":\"de\",\"potentialAction\":[{\"@type\":\"ReadAction\",\"target\":[\"https:\\\/\\\/www.villaserena.eu\\\/piscina\\\/\"]}]},{\"@type\":\"BreadcrumbList\",\"@id\":\"https:\\\/\\\/www.villaserena.eu\\\/piscina\\\/#breadcrumb\",\"itemListElement\":[{\"@type\":\"ListItem\",\"position\":1,\"name\":\"Home\",\"item\":\"https:\\\/\\\/www.villaserena.eu\\\/de\\\/\"},{\"@type\":\"ListItem\",\"position\":2,\"name\":\"Swimmingpool\"}]},{\"@type\":\"WebSite\",\"@id\":\"https:\\\/\\\/www.villaserena.eu\\\/#website\",\"url\":\"https:\\\/\\\/www.villaserena.eu\\\/\",\"name\":\"Villa Serena\",\"description\":\"Localita con Piscina\",\"publisher\":{\"@id\":\"https:\\\/\\\/www.villaserena.eu\\\/#organization\"},\"potentialAction\":[{\"@type\":\"SearchAction\",\"target\":{\"@type\":\"EntryPoint\",\"urlTemplate\":\"https:\\\/\\\/www.villaserena.eu\\\/?s={search_term_string}\"},\"query-input\":{\"@type\":\"PropertyValueSpecification\",\"valueRequired\":true,\"valueName\":\"search_term_string\"}}],\"inLanguage\":\"de\"},{\"@type\":\"Organization\",\"@id\":\"https:\\\/\\\/www.villaserena.eu\\\/#organization\",\"name\":\"Villa Serena\",\"url\":\"https:\\\/\\\/www.villaserena.eu\\\/\",\"logo\":{\"@type\":\"ImageObject\",\"inLanguage\":\"de\",\"@id\":\"https:\\\/\\\/www.villaserena.eu\\\/#\\\/schema\\\/logo\\\/image\\\/\",\"url\":\"\",\"contentUrl\":\"\",\"caption\":\"Villa Serena\"},\"image\":{\"@id\":\"https:\\\/\\\/www.villaserena.eu\\\/#\\\/schema\\\/logo\\\/image\\\/\"}}]}<\/script>\n<!-- \/ Yoast SEO plugin. -->","yoast_head_json":{"title":"Bauernhaus mit Schwimmbad in der N\u00e4he von Treviso, Venetien | Villa Serena","description":"G\u00e4ste des Bauernhauses Villa Sereno k\u00f6nnen unseren gro\u00dfen Swimmingpool nutzen, um die herrlichen und ruhigen hei\u00dfen Sommertage zu genie\u00dfen.","robots":{"index":"index","follow":"follow","max-snippet":"max-snippet:-1","max-image-preview":"max-image-preview:large","max-video-preview":"max-video-preview:-1"},"canonical":"https:\/\/www.villaserena.eu\/de\/piscina\/","og_locale":"de_DE","og_type":"article","og_title":"Bauernhaus mit Schwimmbad in der N\u00e4he von Treviso, Venetien | Villa Serena","og_description":"G\u00e4ste des Bauernhauses Villa Sereno k\u00f6nnen unseren gro\u00dfen Swimmingpool nutzen, um die herrlichen und ruhigen hei\u00dfen Sommertage zu genie\u00dfen.","og_url":"https:\/\/www.villaserena.eu\/piscina\/","og_site_name":"Villa Serena","article_modified_time":"2024-08-28T08:13:45+00:00","twitter_card":"summary_large_image","twitter_misc":{"Gesch\u00e4tzte Lesezeit":"1\u00a0Minute"},"schema":{"@context":"https:\/\/schema.org","@graph":[{"@type":"WebPage","@id":"https:\/\/www.villaserena.eu\/piscina\/","url":"https:\/\/www.villaserena.eu\/piscina\/","name":"Bauernhaus mit Schwimmbad in der N\u00e4he von Treviso, Venetien | Villa Serena","isPartOf":{"@id":"https:\/\/www.villaserena.eu\/#website"},"datePublished":"2019-03-28T15:15:25+00:00","dateModified":"2024-08-28T08:13:45+00:00","description":"G\u00e4ste des Bauernhauses Villa Sereno k\u00f6nnen unseren gro\u00dfen Swimmingpool nutzen, um die herrlichen und ruhigen hei\u00dfen Sommertage zu genie\u00dfen.","breadcrumb":{"@id":"https:\/\/www.villaserena.eu\/piscina\/#breadcrumb"},"inLanguage":"de","potentialAction":[{"@type":"ReadAction","target":["https:\/\/www.villaserena.eu\/piscina\/"]}]},{"@type":"BreadcrumbList","@id":"https:\/\/www.villaserena.eu\/piscina\/#breadcrumb","itemListElement":[{"@type":"ListItem","position":1,"name":"Home","item":"https:\/\/www.villaserena.eu\/de\/"},{"@type":"ListItem","position":2,"name":"Swimmingpool"}]},{"@type":"WebSite","@id":"https:\/\/www.villaserena.eu\/#website","url":"https:\/\/www.villaserena.eu\/","name":"Villa Serena","description":"Localita con Piscina","publisher":{"@id":"https:\/\/www.villaserena.eu\/#organization"},"potentialAction":[{"@type":"SearchAction","target":{"@type":"EntryPoint","urlTemplate":"https:\/\/www.villaserena.eu\/?s={search_term_string}"},"query-input":{"@type":"PropertyValueSpecification","valueRequired":true,"valueName":"search_term_string"}}],"inLanguage":"de"},{"@type":"Organization","@id":"https:\/\/www.villaserena.eu\/#organization","name":"Villa Serena","url":"https:\/\/www.villaserena.eu\/","logo":{"@type":"ImageObject","inLanguage":"de","@id":"https:\/\/www.villaserena.eu\/#\/schema\/logo\/image\/","url":"","contentUrl":"","caption":"Villa Serena"},"image":{"@id":"https:\/\/www.villaserena.eu\/#\/schema\/logo\/image\/"}}]}},"_links":{"self":[{"href":"https:\/\/www.villaserena.eu\/de\/wp-json\/wp\/v2\/pages\/2035\/"}],"collection":[{"href":"https:\/\/www.villaserena.eu\/de\/wp-json\/wp\/v2\/pages\/"}],"about":[{"href":"https:\/\/www.villaserena.eu\/de\/wp-json\/wp\/v2\/types\/page\/"}],"author":[{"embeddable":true,"href":"https:\/\/www.villaserena.eu\/de\/wp-json\/wp\/v2\/users\/1\/"}],"replies":[{"embeddable":true,"href":"https:\/\/www.villaserena.eu\/de\/wp-json\/wp\/v2\/comments\/?post=2035"}],"version-history":[{"count":5,"href":"https:\/\/www.villaserena.eu\/de\/wp-json\/wp\/v2\/pages\/2035\/revisions\/"}],"predecessor-version":[{"id":2659,"href":"https:\/\/www.villaserena.eu\/de\/wp-json\/wp\/v2\/pages\/2035\/revisions\/2659\/"}],"wp:attachment":[{"href":"https:\/\/www.villaserena.eu\/de\/wp-json\/wp\/v2\/media\/?parent=2035"}],"curies":[{"name":"wp","href":"https:\/\/api.w.org\/{rel}","templated":true}]}}