{"id":2025,"date":"2019-03-28T15:01:44","date_gmt":"2019-03-28T15:01:44","guid":{"rendered":"http:\/\/villaserena.bestrank.it\/?page_id=2025"},"modified":"2020-02-20T16:37:10","modified_gmt":"2020-02-20T16:37:10","slug":"kontakt","status":"publish","type":"page","link":"https:\/\/www.villaserena.eu\/de\/kontakt\/","title":{"rendered":"Kontakt"},"content":{"rendered":"<p>[vc_row full_width=&#8220;stretch_row&#8220; equal_height=&#8220;yes&#8220; content_placement=&#8220;top&#8220; overlay_color=&#8220;rgba(0,0,0,0.01)&#8220; css=&#8220;.vc_custom_1553772099620{padding-top: 50px !important;}&#8220;][vc_column]<div class=\"text-left reda-page-header id_169e85a4e74a76540132931 animate-text  \"><div class=\"reda-header  header-color\" style=\"color: ;\"><\/div><\/div><\/p>\n<h1><span style=\"font-size: 120px;\">Wo Sie uns finden<\/span><\/h1>\n<p><style scoped> .reda-page-header.id_169e85a4e74a76540132931 .header-underline:after { background-color: ; }<\/style><div class=\"text-left reda-page-header id_169e85a4e74ab01245983369 animate-text   vc_custom_1582216071689\"><div class=\"reda-header  header-underline underline-75 header-color\" style=\"color: ;\"><\/div><\/div><\/p>\n<h1><span style=\"font-size: 120px;\">&amp;Kontakt<\/span><\/h1>\n<p><style scoped> .reda-page-header.id_169e85a4e74ab01245983369 .header-underline:after { background-color: ; }<\/style>[vc_column_text css=&#8220;.vc_custom_1582216089162{margin-top: 20px !important;}&#8220;]<\/p>\n<p style=\"text-align: center;\">Wir befinden uns in der Gemeinde Montebelluna, die im Norden im Gebiet der Provinz Treviso liegt. Als Sitz wichtiger Dienstleistungen, wie dem Krankenhaus, den Gymnasien und dem Gerichtshof, ist es eine sehr gesch\u00e4ftige Stadt und auch ein Referenzzentrum f\u00fcr die benachbarten Gemeinden.<\/p>\n<p>[\/vc_column_text][vc_separator el_width=&#8220;80&#8243;]<div class=\"text-center reda-page-header id_169e85a4e74ad01084108067 animate-text   vc_custom_1582216113992\"><div class=\"reda-header  header-color\" style=\"color: #ac8b51;\"><\/div><\/div><\/p>\n<h3><span style=\"line-height: 1.7em; font-size: 70px;\">Wie Sie uns erreichen<\/span><\/h3>\n<p><style scoped> .reda-page-header.id_169e85a4e74ad01084108067 .header-underline:after { background-color: #ac8b51; }<\/style><div class=\"text-center reda-page-header id_169e85a4e74adf1209337396 animate-text   vc_custom_1582216133206\"><div class=\"reda-header  header-color\" style=\"color: #ac8b51;\"><\/div><\/div><\/p>\n<h5><span style=\"line-height: 1.7em; font-size: 30px;\">Der Agrotourismus Villa Serena kann auf verschiedenen Wegen erreicht werden<\/span><\/h5>\n<p><style scoped> .reda-page-header.id_169e85a4e74adf1209337396 .header-underline:after { background-color: #ac8b51; }<\/style>[vc_row_inner][vc_column_inner width=&#8220;1\/2&#8243;][vc_empty_space height=&#8220;60&#8243; height2=&#8220;30&#8243;][vc_toggle title=&#8220;In Auto&#8220;]<\/p>\n<h4 style=\"color: #ac8b51;\">Mit dem Auto<\/h4>\n<ul>\n<li>\u00fcber die Hauptstra\u00dfe SS 348 Feltrina, die von Treviso Sud aus nach Feltre f\u00fchrt (und umgekehrt).<\/li>\n<li>\u00fcber die Provinzstra\u00dfe 248 Schiavonesca-Marosticana, die von Vicenza bis nach Nervesa della Battaglia f\u00fchrt.<\/li>\n<li>\u00fcber die Provinzstra\u00dfe 667 von Caerano, die Castelfranco Veneto mit Nogar\u00e8 verbindet<\/li>\n<li>\u00fcber die Autobahn A4 &#8211; A31 Piovene Rocchette (Ausfahrt Vicenza Sud, Richtung Castelfranco &#8211; Feltre)<\/li>\n<li>\u00fcber die Autobahn A4 &#8211; A27 Venedig &#8211; Belluno (einfach die Ausfahrt Treviso Nord nehmen und in Richtung Feltre-Montebelluna weiterfahren).<\/li>\n<\/ul>\n<h4 style=\"color: #ac8b51;\">Mit dem Zug<\/h4>\n<p>Die Stadt ist durch die Regionalz\u00fcge von Trenitalia Venezia-Belluno und Padova-Calalalzo gut mit der Umgebung verbunden.<br \/>\nDer Bahnhof befindet sich in der Viale della Stazione (Tel.: +39 (0) 423-22482).<br \/>\nVom Bahnhof aus erreichen Sie uns mit dem Bus oder wenn Sie im Voraus unseren Transfer-Service buchen.[\/vc_toggle][vc_toggle title=&#8220;In Treno&#8220;]<\/p>\n<p>La cittadina \u00e8 ben collegata alle zone limitrofe tramite la <em>linea Venezia-Belluno<\/em> e <em>Padova-Calalzo<\/em> dei treni regionali <strong>Trenitalia<\/strong>.<br \/>\nLa <strong>Stazione Ferroviaria<\/strong> si trova in Viale della Stazione (tel.: 0423-22482).<br \/>\nDalla stazione \u00e8 possibile raggiungerci in Autobus o prenotando anticipatamente il nostro <strong>Servizio Transfer<\/strong>.<\/p>\n<p>[\/vc_toggle][\/vc_column_inner][vc_column_inner width=&#8220;1\/2&#8243;][vc_empty_space height=&#8220;60&#8243; height2=&#8220;30&#8243;][vc_toggle title=&#8220;Mit dem Bus&#8220;]Die Bushaltestellen sind 200 und 500 Meter von der Einrichtung entfernt.<br \/>\nDer Busbahnhof befindet sich neben dem Bahnhof in der Viale della Stazione[\/vc_toggle][vc_toggle title=&#8220;Mit dem Taxi&#8220;]Die Taxist\u00e4nde befinden sich am Corso Mazzini (vor dem Rathaus) von 07.30 bis 20.00 Uhr oder in der Viale Stazione bis 23.30 Uhr.<br \/>\nDie Telefonnummer des Taxidienstes lautet +39 (0) 423-23391.[\/vc_toggle][vc_toggle title=&#8220;Mit dem Flugzeug&#8220;]Montebelluna ist 48 km vom Flughafen \u201eMarco Polo\u201c in Venedig und 18 km vom Flughafen \u201eAntonio Canova\u201c in Treviso entfernt.<br \/>\nVon den Flugh\u00e4fen aus erreichen Sie die Villa Serena mit dem Zug, Bus oder wenn Sie unseren Transferservice im Voraus buchen.[\/vc_toggle][\/vc_column_inner][vc_column_inner][\/vc_column_inner][\/vc_row_inner][\/vc_column][\/vc_row][vc_row overlay_color=&#8220;rgba(0,0,0,0.01)&#8220;][vc_column][vc_column_text]<\/p>\n<p style=\"text-align: center;\"><iframe loading=\"lazy\" style=\"border: 0;\" src=\"https:\/\/www.google.com\/maps\/embed?pb=!1m18!1m12!1m3!1d4680.881767473597!2d12.08411106252565!3d45.765799981854435!2m3!1f0!2f0!3f0!3m2!1i1024!2i768!4f13.1!3m3!1m2!1s0x477924d3bbec4bed%3A0xb18a8e8a3079a213!2sVia+Cal+di+Mezzo%2C+107%2C+31044+Montebelluna+TV!5e0!3m2!1sit!2sit!4v1552643543436\" width=\"80%\" height=\"600em\" frameborder=\"0\" allowfullscreen=\"allowfullscreen\"><\/iframe><\/p>\n<p>[\/vc_column_text][\/vc_column][\/vc_row][vc_row][vc_column width=&#8220;1\/4&#8243;][\/vc_column][vc_column width=&#8220;1\/4&#8243;]<div class=\"text-left reda-page-header id_169e85a4e74aeb1126515910 animate-text   vc_custom_1582216458688\"><div class=\"reda-header  header-color\" style=\"color: ;\"><\/div><\/div><\/p>\n<h3>Kontakte<\/h3>\n<p><style scoped> .reda-page-header.id_169e85a4e74aeb1126515910 .header-underline:after { background-color: ; }<\/style>[vc_column_text]Via Cal di Mezzo, 107, 31044 Montebelluna TV<br \/>\n+39 0423 300210<br \/>\n<a href=\"info@villaserena.eu\">info@villaserena.eu<\/a>[\/vc_column_text][\/vc_column][vc_column width=&#8220;1\/4&#8243;]<div class=\"text-left reda-page-header id_169e85a4e74af61330761015 animate-text   vc_custom_1582216402951\"><div class=\"reda-header  header-color\" style=\"color: ;\"><\/div><\/div><\/p>\n<h3>Soziale Netzwerke<\/h3>\n<p><style scoped> .reda-page-header.id_169e85a4e74af61330761015 .header-underline:after { background-color: ; }<\/style>[vc_column_text]Finden Sie uns auf den Sozialen Netwerken!<\/p>\n<p class=\"p1\"><span class=\"s1\">\u00a0<\/span><\/p>\n<p>[\/vc_column_text]<ul class=\"reda-social-profiles text-left\"><li class=\"profile accent-color\"><a href=\"https:\/\/it-it.facebook.com\/VillaSerenaMontebelluna\" style=\"font-size: 20px\" target=\"_blank\"><i class=\"fa fa-facebook\"><\/i><\/a><\/li><li class=\"profile accent-color\"><a href=\"https:\/\/www.instagram.com\/villaserenaagriturismo\/?hl=it\" style=\"font-size: 20px\" target=\"_blank\"><i class=\"fa fa-instagram\"><\/i><\/a><\/li><\/ul><style scoped>\n\t\t\t.id_169e85a4e74b031424468618.reda-shares .shares-icons li { color:  !important}\n\t\t\t<\/style>[\/vc_column][vc_column width=&#8220;1\/4&#8243;][\/vc_column][vc_column][vc_empty_space height=&#8220;15px&#8220;][\/vc_column][\/vc_row][vc_row][vc_column width=&#8220;1\/6&#8243;][\/vc_column][vc_column width=&#8220;2\/3&#8243;]<div class=\"text-left reda-page-header id_169e85a4e74c951454579848 animate-text  \"><div class=\"reda-header-top  accent-color header-color\" style=\"color: ;\">Kontaktformular<\/div><\/div><style scoped> .reda-page-header.id_169e85a4e74c951454579848 .header-underline:after { background-color: ; }<\/style><div class=\"text-left reda-page-header id_169e85a4e74ca31185645231 animate-text  \"><div class=\"reda-header  header-underline underline-50 header-color\" style=\"color: ;\"><\/div><\/div><\/p>\n<h1>Kontakt<\/h1>\n<p><style scoped> .reda-page-header.id_169e85a4e74ca31185645231 .header-underline:after { background-color: ; }<\/style>[vc_empty_space height=&#8220;60px&#8220; height2=&#8220;30&#8243;]<div class=\"form-container contact-container id_169e85a4e74ccc753536363 form-light\"><div class=\"forms-style contact-form reda-form animate-text darken-bg-color\">\n\t\t\t\t\t<div class=\"form-wrapper\">\n\t\t\t\t\t\t<div class=\"success-message\"><h5>Il messaggio \u00e8 stato inviato con successo<\/h5><\/div>\n\t\t\t\t\t\t<form name=\"c-form\" id=\"c-form\" class=\"c-form\" action=\"send_message\" method=\"POST\">\n\t\t\t\t\t\t\t<input type=\"hidden\" name=\"action\" value=\"send_message\"\/>\n\t\t\t\t\t\t\t<input type=\"hidden\" name=\"c[subtitle]\" id=\"c_subtitle\" value=\"\"\/>\n\t\t\t\t\t\t\t<input type=\"hidden\" name=\"c[response_message]\" id=\"c_response_message\" value=\"Il messaggio \u00e8 stato inviato con successo\"\/>\n\t\t\t\t\t\t\t<input type=\"hidden\" name=\"c[your_email]\" id=\"c_your_email\" value=\"1\"\/>\n\t\t\t\t\t\t\t<div class=\"contact-details reda-fieldset\">\n\t\t\t\t\t\t\t\t<div class=\"c-text name c-input mf-input input-required\">\n\t\t\t\t\t\t\t\t\t<label for=\"c_name\" class=\"text-color\">Name<\/label>\n\t\t\t\t\t\t\t\t\t<input class=\"header-color darken2-bg-color\" type=\"text\" name=\"c[name]\" id=\"c_name\" value=\"\"\/>\n\t\t\t\t\t\t\t\t<\/div>\t\n\t\t\t\t\t\t\t\t<div class=\"c-text email c-input mf-input input-required\">\n\t\t\t\t\t\t\t\t\t<label for=\"c_email\" class=\"text-color\">Email<\/label>\n\t\t\t\t\t\t\t\t\t<input class=\"header-color darken2-bg-color\" type=\"text\" name=\"c[email]\" id=\"c_email\" value=\"\"\/>\n\t\t\t\t\t\t\t\t<\/div>\n\t\t\t\t\t\t\t<\/div>\t\n\t\t\t\t\t\t\t<div class=\"subject-fieldset reda-fieldset\">\t\n\t\t\t\t\t\t\t\t<div class=\"c-text subject c-input mf-input\">\n\t\t\t\t\t\t\t\t\t<label for=\"c_subject\" class=\"text-color\">Subject<\/label>\n\t\t\t\t\t\t\t\t\t<input class=\"header-color darken2-bg-color\" type=\"tel\" name=\"c[subject]\" id=\"c_phone\" value=\"\"\/>\n\t\t\t\t\t\t\t\t<\/div>\t\n\t\t\t\t\t\t\t<\/div>\t\n\t\t\t\t\t\t\t<div class=\"message reda-fieldset\">\n\t\t\t\t\t\t\t\t<div class=\"c-textarea message c-input mf-input\">\n\t\t\t\t\t\t\t\t\t<label for=\"c_message\" class=\"text-color\">Message<\/label>\n\t\t\t\t\t\t\t\t\t<textarea rows=\"1\" name=\"c[message]\" id=\"c_message\" class=\"header-color darken2-bg-color\"><\/textarea>\n\t\t\t\t\t\t\t\t<\/div>\n\t\t\t\t\t\t\t<\/div>\t\n\t\t\t\t\t\t\t<div class=\"text-center animate-text \"><button type=\"submit\" class=\"btn btn-single btn-md btn-solid btn-accent   btn-contact\">\n\t\t\t\t<span class=\"btn-text \">Schicken<\/span>\n\t\t\t<\/button><\/div>\n\t\t\t\t\t\t<\/form>\n\t\t\t\t\t<\/div>\n\t\t\t\t<\/div><\/div><style scoped>.id_169e85a4e74ccc753536363 .darken-bg-color { background: #EBEBEB; } .id_169e85a4e74ccc753536363 .darken2-bg-color { background: #D5D5D5; border: #D5D5D5}\n\t\t\t\t.id_169e85a4e74ccc753536363 .text-color { color: ; }\n\t\t\t\t.id_169e85a4e74ccc753536363 .header-color { color: ; }\n\t\t\t\t.id_169e85a4e74ccc753536363 .btn-solid.btn-accent, .id_169e85a4e74ccc753536363 .btn-border.btn-accent:hover { background: ; }\n\t\t\t\t.id_169e85a4e74ccc753536363 .btn-accent { border-color: ; }\n\t\t\t\t.id_169e85a4e74ccc753536363 .btn-border.btn-accent .btn-text { color: ; }\n\t\t\t\t.id_169e85a4e74ccc753536363 .btn-border.btn-accent:hover .btn-text { color: #f5f5f5; } \n\t\t\t\t<\/style>[vc_empty_space height=&#8220;120px&#8220; height2=&#8220;30&#8243;][\/vc_column][vc_column width=&#8220;1\/6&#8243;][\/vc_column][\/vc_row]<\/p>\n","protected":false},"excerpt":{"rendered":"<p>[vc_row full_width=&#8220;stretch_row&#8220; equal_height=&#8220;yes&#8220; content_placement=&#8220;top&#8220; overlay_color=&#8220;rgba(0,0,0,0.01)&#8220; css=&#8220;.vc_custom_1553772099620{padding-top: 50px !important;}&#8220;][vc_column][vc_column_text css=&#8220;.vc_custom_1582216089162{margin-top: 20px !important;}&#8220;] Wir befinden uns in der Gemeinde Montebelluna, die im Norden im Gebiet der Provinz Treviso liegt. Als Sitz wichtiger Dienstleistungen, wie dem Krankenhaus, den Gymnasien und dem Gerichtshof, ist es eine sehr gesch\u00e4ftige Stadt und auch ein Referenzzentrum f\u00fcr die benachbarten Gemeinden. [\/vc_column_text][vc_separator el_width=&#8220;80&#8243;][vc_row_inner][vc_column_inner [&hellip;]<\/p>\n","protected":false},"author":1,"featured_media":0,"parent":0,"menu_order":0,"comment_status":"closed","ping_status":"closed","template":"","meta":{"_monsterinsights_skip_tracking":false,"_monsterinsights_sitenote_active":false,"_monsterinsights_sitenote_note":"","_monsterinsights_sitenote_category":0,"footnotes":""},"class_list":["post-2025","page","type-page","status-publish","hentry"],"yoast_head":"<!-- This site is optimized with the Yoast SEO plugin v27.4 - https:\/\/yoast.com\/product\/yoast-seo-wordpress\/ -->\n<title>Kontakt - Villa Serena<\/title>\n<meta name=\"robots\" content=\"index, follow, max-snippet:-1, max-image-preview:large, max-video-preview:-1\" \/>\n<link rel=\"canonical\" href=\"https:\/\/www.villaserena.eu\/de\/kontakt\/\" \/>\n<meta property=\"og:locale\" content=\"de_DE\" \/>\n<meta property=\"og:type\" content=\"article\" \/>\n<meta property=\"og:title\" content=\"Kontakt - Villa Serena\" \/>\n<meta property=\"og:description\" content=\"[vc_row full_width=&#8220;stretch_row&#8220; equal_height=&#8220;yes&#8220; content_placement=&#8220;top&#8220; overlay_color=&#8220;rgba(0,0,0,0.01)&#8220; css=&#8220;.vc_custom_1553772099620{padding-top: 50px !important;}&#8220;][vc_column][vc_column_text css=&#8220;.vc_custom_1582216089162{margin-top: 20px !important;}&#8220;] Wir befinden uns in der Gemeinde Montebelluna, die im Norden im Gebiet der Provinz Treviso liegt. Als Sitz wichtiger Dienstleistungen, wie dem Krankenhaus, den Gymnasien und dem Gerichtshof, ist es eine sehr gesch\u00e4ftige Stadt und auch ein Referenzzentrum f\u00fcr die benachbarten Gemeinden. [\/vc_column_text][vc_separator el_width=&#8220;80&#8243;][vc_row_inner][vc_column_inner [&hellip;]\" \/>\n<meta property=\"og:url\" content=\"https:\/\/www.villaserena.eu\/de\/kontakt\/\" \/>\n<meta property=\"og:site_name\" content=\"Villa Serena\" \/>\n<meta property=\"article:modified_time\" content=\"2020-02-20T16:37:10+00:00\" \/>\n<meta name=\"twitter:card\" content=\"summary_large_image\" \/>\n<meta name=\"twitter:label1\" content=\"Gesch\u00e4tzte Lesezeit\" \/>\n\t<meta name=\"twitter:data1\" content=\"4\u00a0Minuten\" \/>\n<script type=\"application\/ld+json\" class=\"yoast-schema-graph\">{\"@context\":\"https:\\\/\\\/schema.org\",\"@graph\":[{\"@type\":\"WebPage\",\"@id\":\"https:\\\/\\\/www.villaserena.eu\\\/de\\\/kontakt\\\/\",\"url\":\"https:\\\/\\\/www.villaserena.eu\\\/de\\\/kontakt\\\/\",\"name\":\"Kontakt - Villa Serena\",\"isPartOf\":{\"@id\":\"https:\\\/\\\/www.villaserena.eu\\\/#website\"},\"datePublished\":\"2019-03-28T15:01:44+00:00\",\"dateModified\":\"2020-02-20T16:37:10+00:00\",\"breadcrumb\":{\"@id\":\"https:\\\/\\\/www.villaserena.eu\\\/de\\\/kontakt\\\/#breadcrumb\"},\"inLanguage\":\"de\",\"potentialAction\":[{\"@type\":\"ReadAction\",\"target\":[\"https:\\\/\\\/www.villaserena.eu\\\/de\\\/kontakt\\\/\"]}]},{\"@type\":\"BreadcrumbList\",\"@id\":\"https:\\\/\\\/www.villaserena.eu\\\/de\\\/kontakt\\\/#breadcrumb\",\"itemListElement\":[{\"@type\":\"ListItem\",\"position\":1,\"name\":\"Home\",\"item\":\"https:\\\/\\\/www.villaserena.eu\\\/de\\\/\"},{\"@type\":\"ListItem\",\"position\":2,\"name\":\"Kontakt\"}]},{\"@type\":\"WebSite\",\"@id\":\"https:\\\/\\\/www.villaserena.eu\\\/#website\",\"url\":\"https:\\\/\\\/www.villaserena.eu\\\/\",\"name\":\"Villa Serena\",\"description\":\"Localita con Piscina\",\"publisher\":{\"@id\":\"https:\\\/\\\/www.villaserena.eu\\\/#organization\"},\"potentialAction\":[{\"@type\":\"SearchAction\",\"target\":{\"@type\":\"EntryPoint\",\"urlTemplate\":\"https:\\\/\\\/www.villaserena.eu\\\/?s={search_term_string}\"},\"query-input\":{\"@type\":\"PropertyValueSpecification\",\"valueRequired\":true,\"valueName\":\"search_term_string\"}}],\"inLanguage\":\"de\"},{\"@type\":\"Organization\",\"@id\":\"https:\\\/\\\/www.villaserena.eu\\\/#organization\",\"name\":\"Villa Serena\",\"url\":\"https:\\\/\\\/www.villaserena.eu\\\/\",\"logo\":{\"@type\":\"ImageObject\",\"inLanguage\":\"de\",\"@id\":\"https:\\\/\\\/www.villaserena.eu\\\/#\\\/schema\\\/logo\\\/image\\\/\",\"url\":\"\",\"contentUrl\":\"\",\"caption\":\"Villa Serena\"},\"image\":{\"@id\":\"https:\\\/\\\/www.villaserena.eu\\\/#\\\/schema\\\/logo\\\/image\\\/\"}}]}<\/script>\n<!-- \/ Yoast SEO plugin. -->","yoast_head_json":{"title":"Kontakt - Villa Serena","robots":{"index":"index","follow":"follow","max-snippet":"max-snippet:-1","max-image-preview":"max-image-preview:large","max-video-preview":"max-video-preview:-1"},"canonical":"https:\/\/www.villaserena.eu\/de\/kontakt\/","og_locale":"de_DE","og_type":"article","og_title":"Kontakt - Villa Serena","og_description":"[vc_row full_width=&#8220;stretch_row&#8220; equal_height=&#8220;yes&#8220; content_placement=&#8220;top&#8220; overlay_color=&#8220;rgba(0,0,0,0.01)&#8220; css=&#8220;.vc_custom_1553772099620{padding-top: 50px !important;}&#8220;][vc_column][vc_column_text css=&#8220;.vc_custom_1582216089162{margin-top: 20px !important;}&#8220;] Wir befinden uns in der Gemeinde Montebelluna, die im Norden im Gebiet der Provinz Treviso liegt. Als Sitz wichtiger Dienstleistungen, wie dem Krankenhaus, den Gymnasien und dem Gerichtshof, ist es eine sehr gesch\u00e4ftige Stadt und auch ein Referenzzentrum f\u00fcr die benachbarten Gemeinden. [\/vc_column_text][vc_separator el_width=&#8220;80&#8243;][vc_row_inner][vc_column_inner [&hellip;]","og_url":"https:\/\/www.villaserena.eu\/de\/kontakt\/","og_site_name":"Villa Serena","article_modified_time":"2020-02-20T16:37:10+00:00","twitter_card":"summary_large_image","twitter_misc":{"Gesch\u00e4tzte Lesezeit":"4\u00a0Minuten"},"schema":{"@context":"https:\/\/schema.org","@graph":[{"@type":"WebPage","@id":"https:\/\/www.villaserena.eu\/de\/kontakt\/","url":"https:\/\/www.villaserena.eu\/de\/kontakt\/","name":"Kontakt - Villa Serena","isPartOf":{"@id":"https:\/\/www.villaserena.eu\/#website"},"datePublished":"2019-03-28T15:01:44+00:00","dateModified":"2020-02-20T16:37:10+00:00","breadcrumb":{"@id":"https:\/\/www.villaserena.eu\/de\/kontakt\/#breadcrumb"},"inLanguage":"de","potentialAction":[{"@type":"ReadAction","target":["https:\/\/www.villaserena.eu\/de\/kontakt\/"]}]},{"@type":"BreadcrumbList","@id":"https:\/\/www.villaserena.eu\/de\/kontakt\/#breadcrumb","itemListElement":[{"@type":"ListItem","position":1,"name":"Home","item":"https:\/\/www.villaserena.eu\/de\/"},{"@type":"ListItem","position":2,"name":"Kontakt"}]},{"@type":"WebSite","@id":"https:\/\/www.villaserena.eu\/#website","url":"https:\/\/www.villaserena.eu\/","name":"Villa Serena","description":"Localita con Piscina","publisher":{"@id":"https:\/\/www.villaserena.eu\/#organization"},"potentialAction":[{"@type":"SearchAction","target":{"@type":"EntryPoint","urlTemplate":"https:\/\/www.villaserena.eu\/?s={search_term_string}"},"query-input":{"@type":"PropertyValueSpecification","valueRequired":true,"valueName":"search_term_string"}}],"inLanguage":"de"},{"@type":"Organization","@id":"https:\/\/www.villaserena.eu\/#organization","name":"Villa Serena","url":"https:\/\/www.villaserena.eu\/","logo":{"@type":"ImageObject","inLanguage":"de","@id":"https:\/\/www.villaserena.eu\/#\/schema\/logo\/image\/","url":"","contentUrl":"","caption":"Villa Serena"},"image":{"@id":"https:\/\/www.villaserena.eu\/#\/schema\/logo\/image\/"}}]}},"_links":{"self":[{"href":"https:\/\/www.villaserena.eu\/de\/wp-json\/wp\/v2\/pages\/2025\/"}],"collection":[{"href":"https:\/\/www.villaserena.eu\/de\/wp-json\/wp\/v2\/pages\/"}],"about":[{"href":"https:\/\/www.villaserena.eu\/de\/wp-json\/wp\/v2\/types\/page\/"}],"author":[{"embeddable":true,"href":"https:\/\/www.villaserena.eu\/de\/wp-json\/wp\/v2\/users\/1\/"}],"replies":[{"embeddable":true,"href":"https:\/\/www.villaserena.eu\/de\/wp-json\/wp\/v2\/comments\/?post=2025"}],"version-history":[{"count":3,"href":"https:\/\/www.villaserena.eu\/de\/wp-json\/wp\/v2\/pages\/2025\/revisions\/"}],"predecessor-version":[{"id":2304,"href":"https:\/\/www.villaserena.eu\/de\/wp-json\/wp\/v2\/pages\/2025\/revisions\/2304\/"}],"wp:attachment":[{"href":"https:\/\/www.villaserena.eu\/de\/wp-json\/wp\/v2\/media\/?parent=2025"}],"curies":[{"name":"wp","href":"https:\/\/api.w.org\/{rel}","templated":true}]}}